{"id":9955,"date":"2023-01-08T23:06:29","date_gmt":"2023-01-08T22:06:29","guid":{"rendered":"https:\/\/legrenierdelatour.be\/livres\/?post_type=product&#038;p=9955"},"modified":"2026-03-27T09:30:32","modified_gmt":"2026-03-27T08:30:32","slug":"traditions-et-saints-de-lhiver-musee-en-piconrue","status":"publish","type":"product","link":"https:\/\/legrenierdelatour.be\/livres\/produit\/traditions-et-saints-de-lhiver-musee-en-piconrue\/","title":{"rendered":"traditions et saints de l\u2019\u00e9t\u00e9 mus\u00e9e en piconrue \/"},"content":{"rendered":"","protected":false},"excerpt":{"rendered":"","protected":false},"featured_media":9873,"template":"","meta":{"neve_meta_sidebar":"","neve_meta_container":"","neve_meta_enable_content_width":"","neve_meta_content_width":0,"neve_meta_title_alignment":"","neve_meta_author_avatar":"","neve_post_elements_order":"","neve_meta_disable_header":"","neve_meta_disable_footer":"","neve_meta_disable_title":""},"product_cat":[21,32],"product_tag":[64],"class_list":{"0":"post-9955","1":"product","2":"type-product","3":"status-publish","4":"has-post-thumbnail","6":"product_cat-la-province-de-luxembourg","7":"product_cat-patrimoine-et-histoire","8":"product_tag-francais","10":"first","11":"instock","12":"shipping-taxable","13":"purchasable","14":"product-type-simple"},"_links":{"self":[{"href":"https:\/\/legrenierdelatour.be\/livres\/wp-json\/wp\/v2\/product\/9955","targetHints":{"allow":["GET"]}}],"collection":[{"href":"https:\/\/legrenierdelatour.be\/livres\/wp-json\/wp\/v2\/product"}],"about":[{"href":"https:\/\/legrenierdelatour.be\/livres\/wp-json\/wp\/v2\/types\/product"}],"wp:featuredmedia":[{"embeddable":true,"href":"https:\/\/legrenierdelatour.be\/livres\/wp-json\/wp\/v2\/media\/9873"}],"wp:attachment":[{"href":"https:\/\/legrenierdelatour.be\/livres\/wp-json\/wp\/v2\/media?parent=9955"}],"wp:term":[{"taxonomy":"product_cat","embeddable":true,"href":"https:\/\/legrenierdelatour.be\/livres\/wp-json\/wp\/v2\/product_cat?post=9955"},{"taxonomy":"product_tag","embeddable":true,"href":"https:\/\/legrenierdelatour.be\/livres\/wp-json\/wp\/v2\/product_tag?post=9955"}],"curies":[{"name":"wp","href":"https:\/\/api.w.org\/{rel}","templated":true}]}}