{"id":9103,"date":"2022-10-15T22:59:01","date_gmt":"2022-10-15T20:59:01","guid":{"rendered":"https:\/\/legrenierdelatour.be\/livres\/?post_type=product&#038;p=9103"},"modified":"2026-03-27T09:30:30","modified_gmt":"2026-03-27T08:30:30","slug":"etudes-et-documents-archeologie-6-liege-saint-lambert-1990-1995","status":"publish","type":"product","link":"https:\/\/legrenierdelatour.be\/livres\/produit\/etudes-et-documents-archeologie-6-liege-saint-lambert-1990-1995\/","title":{"rendered":"\u00e9tudes et documents arch\u00e9ologie li\u00e8ge, saint lambert 1990-1995 \/"},"content":{"rendered":"","protected":false},"excerpt":{"rendered":"","protected":false},"featured_media":9082,"template":"","meta":{"neve_meta_sidebar":"","neve_meta_container":"","neve_meta_enable_content_width":"","neve_meta_content_width":0,"neve_meta_title_alignment":"","neve_meta_author_avatar":"","neve_post_elements_order":"","neve_meta_disable_header":"","neve_meta_disable_footer":"","neve_meta_disable_title":""},"product_cat":[22,32,54],"product_tag":[64],"class_list":{"0":"post-9103","1":"product","2":"type-product","3":"status-publish","4":"has-post-thumbnail","6":"product_cat-autres-regions","7":"product_cat-patrimoine-et-histoire","8":"product_cat-archeologie","9":"product_tag-francais","11":"first","12":"instock","13":"shipping-taxable","14":"purchasable","15":"product-type-simple"},"_links":{"self":[{"href":"https:\/\/legrenierdelatour.be\/livres\/wp-json\/wp\/v2\/product\/9103","targetHints":{"allow":["GET"]}}],"collection":[{"href":"https:\/\/legrenierdelatour.be\/livres\/wp-json\/wp\/v2\/product"}],"about":[{"href":"https:\/\/legrenierdelatour.be\/livres\/wp-json\/wp\/v2\/types\/product"}],"wp:featuredmedia":[{"embeddable":true,"href":"https:\/\/legrenierdelatour.be\/livres\/wp-json\/wp\/v2\/media\/9082"}],"wp:attachment":[{"href":"https:\/\/legrenierdelatour.be\/livres\/wp-json\/wp\/v2\/media?parent=9103"}],"wp:term":[{"taxonomy":"product_cat","embeddable":true,"href":"https:\/\/legrenierdelatour.be\/livres\/wp-json\/wp\/v2\/product_cat?post=9103"},{"taxonomy":"product_tag","embeddable":true,"href":"https:\/\/legrenierdelatour.be\/livres\/wp-json\/wp\/v2\/product_tag?post=9103"}],"curies":[{"name":"wp","href":"https:\/\/api.w.org\/{rel}","templated":true}]}}