{"id":25069,"date":"2026-03-15T21:33:14","date_gmt":"2026-03-15T20:33:14","guid":{"rendered":"https:\/\/legrenierdelatour.be\/livres\/produit\/itineraires-culturels-a-travers-la-grande-region-georges-hausemer\/"},"modified":"2026-03-15T21:33:14","modified_gmt":"2026-03-15T20:33:14","slug":"itineraires-culturels-a-travers-la-grande-region-georges-hausemer","status":"publish","type":"product","link":"https:\/\/legrenierdelatour.be\/livres\/produit\/itineraires-culturels-a-travers-la-grande-region-georges-hausemer\/","title":{"rendered":"itin\u00e9raires culturels \u00e0 travers la grande r\u00e9gion \/ georges hausemer"},"content":{"rendered":"","protected":false},"excerpt":{"rendered":"","protected":false},"featured_media":25050,"template":"","meta":{"neve_meta_sidebar":"","neve_meta_container":"","neve_meta_enable_content_width":"","neve_meta_content_width":0,"neve_meta_title_alignment":"","neve_meta_author_avatar":"","neve_post_elements_order":"","neve_meta_disable_header":"","neve_meta_disable_footer":"","neve_meta_disable_title":""},"product_cat":[19,22,34,43],"product_tag":[64],"class_list":{"0":"post-25069","1":"product","2":"type-product","3":"status-publish","4":"has-post-thumbnail","6":"product_cat-luxemburgensia","7":"product_cat-autres-regions","8":"product_cat-france","9":"product_cat-allemagne","10":"product_tag-francais","12":"first","13":"instock","14":"shipping-taxable","15":"purchasable","16":"product-type-simple"},"_links":{"self":[{"href":"https:\/\/legrenierdelatour.be\/livres\/wp-json\/wp\/v2\/product\/25069","targetHints":{"allow":["GET"]}}],"collection":[{"href":"https:\/\/legrenierdelatour.be\/livres\/wp-json\/wp\/v2\/product"}],"about":[{"href":"https:\/\/legrenierdelatour.be\/livres\/wp-json\/wp\/v2\/types\/product"}],"wp:featuredmedia":[{"embeddable":true,"href":"https:\/\/legrenierdelatour.be\/livres\/wp-json\/wp\/v2\/media\/25050"}],"wp:attachment":[{"href":"https:\/\/legrenierdelatour.be\/livres\/wp-json\/wp\/v2\/media?parent=25069"}],"wp:term":[{"taxonomy":"product_cat","embeddable":true,"href":"https:\/\/legrenierdelatour.be\/livres\/wp-json\/wp\/v2\/product_cat?post=25069"},{"taxonomy":"product_tag","embeddable":true,"href":"https:\/\/legrenierdelatour.be\/livres\/wp-json\/wp\/v2\/product_tag?post=25069"}],"curies":[{"name":"wp","href":"https:\/\/api.w.org\/{rel}","templated":true}]}}