{"id":24845,"date":"2026-02-19T21:09:40","date_gmt":"2026-02-19T20:09:40","guid":{"rendered":"https:\/\/legrenierdelatour.be\/livres\/produit\/la-cite-indigene-de-leopoldville-emmanuel-capelle\/"},"modified":"2026-02-19T21:09:40","modified_gmt":"2026-02-19T20:09:40","slug":"la-cite-indigene-de-leopoldville-emmanuel-capelle","status":"publish","type":"product","link":"https:\/\/legrenierdelatour.be\/livres\/produit\/la-cite-indigene-de-leopoldville-emmanuel-capelle\/","title":{"rendered":"la cit\u00e9 indig\u00e8ne de l\u00e9opoldville \/ emmanuel capelle"},"content":{"rendered":"","protected":false},"excerpt":{"rendered":"","protected":false},"featured_media":24830,"template":"","meta":{"neve_meta_sidebar":"","neve_meta_container":"","neve_meta_enable_content_width":"","neve_meta_content_width":0,"neve_meta_title_alignment":"","neve_meta_author_avatar":"","neve_post_elements_order":"","neve_meta_disable_header":"","neve_meta_disable_footer":"","neve_meta_disable_title":""},"product_cat":[56,32],"product_tag":[64],"class_list":{"0":"post-24845","1":"product","2":"type-product","3":"status-publish","4":"has-post-thumbnail","6":"product_cat-congo","7":"product_cat-patrimoine-et-histoire","8":"product_tag-francais","10":"first","11":"instock","12":"shipping-taxable","13":"purchasable","14":"product-type-simple"},"_links":{"self":[{"href":"https:\/\/legrenierdelatour.be\/livres\/wp-json\/wp\/v2\/product\/24845","targetHints":{"allow":["GET"]}}],"collection":[{"href":"https:\/\/legrenierdelatour.be\/livres\/wp-json\/wp\/v2\/product"}],"about":[{"href":"https:\/\/legrenierdelatour.be\/livres\/wp-json\/wp\/v2\/types\/product"}],"wp:featuredmedia":[{"embeddable":true,"href":"https:\/\/legrenierdelatour.be\/livres\/wp-json\/wp\/v2\/media\/24830"}],"wp:attachment":[{"href":"https:\/\/legrenierdelatour.be\/livres\/wp-json\/wp\/v2\/media?parent=24845"}],"wp:term":[{"taxonomy":"product_cat","embeddable":true,"href":"https:\/\/legrenierdelatour.be\/livres\/wp-json\/wp\/v2\/product_cat?post=24845"},{"taxonomy":"product_tag","embeddable":true,"href":"https:\/\/legrenierdelatour.be\/livres\/wp-json\/wp\/v2\/product_tag?post=24845"}],"curies":[{"name":"wp","href":"https:\/\/api.w.org\/{rel}","templated":true}]}}