{"id":24811,"date":"2026-02-19T19:42:41","date_gmt":"2026-02-19T18:42:41","guid":{"rendered":"https:\/\/legrenierdelatour.be\/livres\/produit\/le-beau-velo-de-ravel-2016-adrien-jovenau-frederique-thiebaut-francis-hubin\/"},"modified":"2026-02-19T19:42:42","modified_gmt":"2026-02-19T18:42:42","slug":"le-beau-velo-de-ravel-2016-adrien-jovenau-frederique-thiebaut-francis-hubin","status":"publish","type":"product","link":"https:\/\/legrenierdelatour.be\/livres\/produit\/le-beau-velo-de-ravel-2016-adrien-jovenau-frederique-thiebaut-francis-hubin\/","title":{"rendered":"le beau v\u00e9lo de ravel 2016 \/ adrien jovenau fr\u00e9d\u00e9rique thi\u00e9baut francis hubin"},"content":{"rendered":"","protected":false},"excerpt":{"rendered":"","protected":false},"featured_media":24799,"template":"","meta":{"neve_meta_sidebar":"","neve_meta_container":"","neve_meta_enable_content_width":"","neve_meta_content_width":0,"neve_meta_title_alignment":"","neve_meta_author_avatar":"","neve_post_elements_order":"","neve_meta_disable_header":"","neve_meta_disable_footer":"","neve_meta_disable_title":""},"product_cat":[22,42],"product_tag":[64],"class_list":{"0":"post-24811","1":"product","2":"type-product","3":"status-publish","4":"has-post-thumbnail","6":"product_cat-autres-regions","7":"product_cat-guides","8":"product_tag-francais","10":"first","11":"instock","12":"shipping-taxable","13":"purchasable","14":"product-type-simple"},"_links":{"self":[{"href":"https:\/\/legrenierdelatour.be\/livres\/wp-json\/wp\/v2\/product\/24811","targetHints":{"allow":["GET"]}}],"collection":[{"href":"https:\/\/legrenierdelatour.be\/livres\/wp-json\/wp\/v2\/product"}],"about":[{"href":"https:\/\/legrenierdelatour.be\/livres\/wp-json\/wp\/v2\/types\/product"}],"wp:featuredmedia":[{"embeddable":true,"href":"https:\/\/legrenierdelatour.be\/livres\/wp-json\/wp\/v2\/media\/24799"}],"wp:attachment":[{"href":"https:\/\/legrenierdelatour.be\/livres\/wp-json\/wp\/v2\/media?parent=24811"}],"wp:term":[{"taxonomy":"product_cat","embeddable":true,"href":"https:\/\/legrenierdelatour.be\/livres\/wp-json\/wp\/v2\/product_cat?post=24811"},{"taxonomy":"product_tag","embeddable":true,"href":"https:\/\/legrenierdelatour.be\/livres\/wp-json\/wp\/v2\/product_tag?post=24811"}],"curies":[{"name":"wp","href":"https:\/\/api.w.org\/{rel}","templated":true}]}}