{"id":24780,"date":"2026-02-15T14:54:38","date_gmt":"2026-02-15T13:54:38","guid":{"rendered":"https:\/\/legrenierdelatour.be\/livres\/produit\/recueil-des-lois-arretes-et-decisions-1826-no-1-a-100\/"},"modified":"2026-02-15T14:54:39","modified_gmt":"2026-02-15T13:54:39","slug":"recueil-des-lois-arretes-et-decisions-1826-no-1-a-100","status":"publish","type":"product","link":"https:\/\/legrenierdelatour.be\/livres\/produit\/recueil-des-lois-arretes-et-decisions-1826-no-1-a-100\/","title":{"rendered":"recueil des lois, arr\u00eat\u00e9s et d\u00e9cisions 1826 no. 1 \u00e0 100 \/"},"content":{"rendered":"","protected":false},"excerpt":{"rendered":"","protected":false},"featured_media":24750,"template":"","meta":{"neve_meta_sidebar":"","neve_meta_container":"","neve_meta_enable_content_width":"","neve_meta_content_width":0,"neve_meta_title_alignment":"","neve_meta_author_avatar":"","neve_post_elements_order":"","neve_meta_disable_header":"","neve_meta_disable_footer":"","neve_meta_disable_title":""},"product_cat":[19,41,57],"product_tag":[64],"class_list":{"0":"post-24780","1":"product","2":"type-product","3":"status-publish","4":"has-post-thumbnail","6":"product_cat-luxemburgensia","7":"product_cat-divers","8":"product_cat-livres-anciens-avant-1900","9":"product_tag-francais","11":"first","12":"instock","13":"shipping-taxable","14":"purchasable","15":"product-type-simple"},"_links":{"self":[{"href":"https:\/\/legrenierdelatour.be\/livres\/wp-json\/wp\/v2\/product\/24780","targetHints":{"allow":["GET"]}}],"collection":[{"href":"https:\/\/legrenierdelatour.be\/livres\/wp-json\/wp\/v2\/product"}],"about":[{"href":"https:\/\/legrenierdelatour.be\/livres\/wp-json\/wp\/v2\/types\/product"}],"wp:featuredmedia":[{"embeddable":true,"href":"https:\/\/legrenierdelatour.be\/livres\/wp-json\/wp\/v2\/media\/24750"}],"wp:attachment":[{"href":"https:\/\/legrenierdelatour.be\/livres\/wp-json\/wp\/v2\/media?parent=24780"}],"wp:term":[{"taxonomy":"product_cat","embeddable":true,"href":"https:\/\/legrenierdelatour.be\/livres\/wp-json\/wp\/v2\/product_cat?post=24780"},{"taxonomy":"product_tag","embeddable":true,"href":"https:\/\/legrenierdelatour.be\/livres\/wp-json\/wp\/v2\/product_tag?post=24780"}],"curies":[{"name":"wp","href":"https:\/\/api.w.org\/{rel}","templated":true}]}}