{"id":24768,"date":"2026-02-15T14:54:33","date_gmt":"2026-02-15T13:54:33","guid":{"rendered":"https:\/\/legrenierdelatour.be\/livres\/produit\/association-luxembourgeoise-de-genealogie-et-heraldique\/"},"modified":"2026-02-15T14:54:33","modified_gmt":"2026-02-15T13:54:33","slug":"association-luxembourgeoise-de-genealogie-et-heraldique","status":"publish","type":"product","link":"https:\/\/legrenierdelatour.be\/livres\/produit\/association-luxembourgeoise-de-genealogie-et-heraldique\/","title":{"rendered":"association luxembourgeoise de g\u00e9n\u00e9alogie et h\u00e9raldique \/"},"content":{"rendered":"","protected":false},"excerpt":{"rendered":"","protected":false},"featured_media":24739,"template":"","meta":{"neve_meta_sidebar":"","neve_meta_container":"","neve_meta_enable_content_width":"","neve_meta_content_width":0,"neve_meta_title_alignment":"","neve_meta_author_avatar":"","neve_post_elements_order":"","neve_meta_disable_header":"","neve_meta_disable_footer":"","neve_meta_disable_title":""},"product_cat":[19,32],"product_tag":[67,64],"class_list":{"0":"post-24768","1":"product","2":"type-product","3":"status-publish","4":"has-post-thumbnail","6":"product_cat-luxemburgensia","7":"product_cat-patrimoine-et-histoire","8":"product_tag-allemend","9":"product_tag-francais","11":"first","12":"instock","13":"shipping-taxable","14":"purchasable","15":"product-type-simple"},"_links":{"self":[{"href":"https:\/\/legrenierdelatour.be\/livres\/wp-json\/wp\/v2\/product\/24768","targetHints":{"allow":["GET"]}}],"collection":[{"href":"https:\/\/legrenierdelatour.be\/livres\/wp-json\/wp\/v2\/product"}],"about":[{"href":"https:\/\/legrenierdelatour.be\/livres\/wp-json\/wp\/v2\/types\/product"}],"wp:featuredmedia":[{"embeddable":true,"href":"https:\/\/legrenierdelatour.be\/livres\/wp-json\/wp\/v2\/media\/24739"}],"wp:attachment":[{"href":"https:\/\/legrenierdelatour.be\/livres\/wp-json\/wp\/v2\/media?parent=24768"}],"wp:term":[{"taxonomy":"product_cat","embeddable":true,"href":"https:\/\/legrenierdelatour.be\/livres\/wp-json\/wp\/v2\/product_cat?post=24768"},{"taxonomy":"product_tag","embeddable":true,"href":"https:\/\/legrenierdelatour.be\/livres\/wp-json\/wp\/v2\/product_tag?post=24768"}],"curies":[{"name":"wp","href":"https:\/\/api.w.org\/{rel}","templated":true}]}}