{"id":24657,"date":"2026-01-26T21:43:15","date_gmt":"2026-01-26T20:43:15","guid":{"rendered":"https:\/\/legrenierdelatour.be\/livres\/produit\/les-origines-et-lextension-du-telephone-au-grand-duche-de-luxembourg-1884-1920-1985-leon-bode-2\/"},"modified":"2026-01-26T21:43:15","modified_gmt":"2026-01-26T20:43:15","slug":"les-origines-et-lextension-du-telephone-au-grand-duche-de-luxembourg-1884-1920-1985-leon-bode-2","status":"publish","type":"product","link":"https:\/\/legrenierdelatour.be\/livres\/produit\/les-origines-et-lextension-du-telephone-au-grand-duche-de-luxembourg-1884-1920-1985-leon-bode-2\/","title":{"rendered":"les origines et l\u2019extension du t\u00e9l\u00e9phone au grand-duch\u00e9 de luxembourg (1884-1920) 1985\/ l\u00e9on bod\u00e9"},"content":{"rendered":"","protected":false},"excerpt":{"rendered":"","protected":false},"featured_media":24638,"template":"","meta":{"neve_meta_sidebar":"","neve_meta_container":"","neve_meta_enable_content_width":"","neve_meta_content_width":0,"neve_meta_title_alignment":"","neve_meta_author_avatar":"","neve_post_elements_order":"","neve_meta_disable_header":"","neve_meta_disable_footer":"","neve_meta_disable_title":""},"product_cat":[19,32],"product_tag":[64],"class_list":{"0":"post-24657","1":"product","2":"type-product","3":"status-publish","4":"has-post-thumbnail","6":"product_cat-luxemburgensia","7":"product_cat-patrimoine-et-histoire","8":"product_tag-francais","10":"first","11":"instock","12":"shipping-taxable","13":"purchasable","14":"product-type-simple"},"_links":{"self":[{"href":"https:\/\/legrenierdelatour.be\/livres\/wp-json\/wp\/v2\/product\/24657","targetHints":{"allow":["GET"]}}],"collection":[{"href":"https:\/\/legrenierdelatour.be\/livres\/wp-json\/wp\/v2\/product"}],"about":[{"href":"https:\/\/legrenierdelatour.be\/livres\/wp-json\/wp\/v2\/types\/product"}],"wp:featuredmedia":[{"embeddable":true,"href":"https:\/\/legrenierdelatour.be\/livres\/wp-json\/wp\/v2\/media\/24638"}],"wp:attachment":[{"href":"https:\/\/legrenierdelatour.be\/livres\/wp-json\/wp\/v2\/media?parent=24657"}],"wp:term":[{"taxonomy":"product_cat","embeddable":true,"href":"https:\/\/legrenierdelatour.be\/livres\/wp-json\/wp\/v2\/product_cat?post=24657"},{"taxonomy":"product_tag","embeddable":true,"href":"https:\/\/legrenierdelatour.be\/livres\/wp-json\/wp\/v2\/product_tag?post=24657"}],"curies":[{"name":"wp","href":"https:\/\/api.w.org\/{rel}","templated":true}]}}