{"id":24570,"date":"2026-01-24T19:50:36","date_gmt":"2026-01-24T18:50:36","guid":{"rendered":"https:\/\/legrenierdelatour.be\/livres\/produit\/legendes-dardenne-et-de-lorraine-dedicace-frederic-kiesel\/"},"modified":"2026-01-24T19:50:36","modified_gmt":"2026-01-24T18:50:36","slug":"legendes-dardenne-et-de-lorraine-dedicace-frederic-kiesel","status":"publish","type":"product","link":"https:\/\/legrenierdelatour.be\/livres\/produit\/legendes-dardenne-et-de-lorraine-dedicace-frederic-kiesel\/","title":{"rendered":"l\u00e9gendes d&rsquo;ardenne et de lorraine (d\u00e9dicac\u00e9) \/ fr\u00e9d\u00e9ric kiesel"},"content":{"rendered":"","protected":false},"excerpt":{"rendered":"","protected":false},"featured_media":24532,"template":"","meta":{"neve_meta_sidebar":"","neve_meta_container":"","neve_meta_enable_content_width":"","neve_meta_content_width":0,"neve_meta_title_alignment":"","neve_meta_author_avatar":"","neve_post_elements_order":"","neve_meta_disable_header":"","neve_meta_disable_footer":"","neve_meta_disable_title":""},"product_cat":[21],"product_tag":[64],"class_list":{"0":"post-24570","1":"product","2":"type-product","3":"status-publish","4":"has-post-thumbnail","6":"product_cat-la-province-de-luxembourg","7":"product_tag-francais","9":"first","10":"instock","11":"shipping-taxable","12":"purchasable","13":"product-type-simple"},"_links":{"self":[{"href":"https:\/\/legrenierdelatour.be\/livres\/wp-json\/wp\/v2\/product\/24570","targetHints":{"allow":["GET"]}}],"collection":[{"href":"https:\/\/legrenierdelatour.be\/livres\/wp-json\/wp\/v2\/product"}],"about":[{"href":"https:\/\/legrenierdelatour.be\/livres\/wp-json\/wp\/v2\/types\/product"}],"wp:featuredmedia":[{"embeddable":true,"href":"https:\/\/legrenierdelatour.be\/livres\/wp-json\/wp\/v2\/media\/24532"}],"wp:attachment":[{"href":"https:\/\/legrenierdelatour.be\/livres\/wp-json\/wp\/v2\/media?parent=24570"}],"wp:term":[{"taxonomy":"product_cat","embeddable":true,"href":"https:\/\/legrenierdelatour.be\/livres\/wp-json\/wp\/v2\/product_cat?post=24570"},{"taxonomy":"product_tag","embeddable":true,"href":"https:\/\/legrenierdelatour.be\/livres\/wp-json\/wp\/v2\/product_tag?post=24570"}],"curies":[{"name":"wp","href":"https:\/\/api.w.org\/{rel}","templated":true}]}}