{"id":24516,"date":"2026-01-18T17:42:53","date_gmt":"2026-01-18T16:42:53","guid":{"rendered":"https:\/\/legrenierdelatour.be\/livres\/produit\/lemulation-organe-de-la-societe-centrale-darchitecture-de-belgique-1911-anne-complete\/"},"modified":"2026-01-18T17:42:53","modified_gmt":"2026-01-18T16:42:53","slug":"lemulation-organe-de-la-societe-centrale-darchitecture-de-belgique-1911-anne-complete","status":"publish","type":"product","link":"https:\/\/legrenierdelatour.be\/livres\/produit\/lemulation-organe-de-la-societe-centrale-darchitecture-de-belgique-1911-anne-complete\/","title":{"rendered":"l\u2019\u00e9mulation organe de la soci\u00e9t\u00e9 centrale d\u2019architecture de belgique 1911 (ann\u00e9 compl\u00e8te) \/"},"content":{"rendered":"","protected":false},"excerpt":{"rendered":"","protected":false},"featured_media":24503,"template":"","meta":{"neve_meta_sidebar":"","neve_meta_container":"","neve_meta_enable_content_width":"","neve_meta_content_width":0,"neve_meta_title_alignment":"","neve_meta_author_avatar":"","neve_post_elements_order":"","neve_meta_disable_header":"","neve_meta_disable_footer":"","neve_meta_disable_title":""},"product_cat":[22,32,57],"product_tag":[64],"class_list":{"0":"post-24516","1":"product","2":"type-product","3":"status-publish","4":"has-post-thumbnail","6":"product_cat-autres-regions","7":"product_cat-patrimoine-et-histoire","8":"product_cat-livres-anciens-avant-1900","9":"product_tag-francais","11":"first","12":"instock","13":"shipping-taxable","14":"purchasable","15":"product-type-simple"},"_links":{"self":[{"href":"https:\/\/legrenierdelatour.be\/livres\/wp-json\/wp\/v2\/product\/24516","targetHints":{"allow":["GET"]}}],"collection":[{"href":"https:\/\/legrenierdelatour.be\/livres\/wp-json\/wp\/v2\/product"}],"about":[{"href":"https:\/\/legrenierdelatour.be\/livres\/wp-json\/wp\/v2\/types\/product"}],"wp:featuredmedia":[{"embeddable":true,"href":"https:\/\/legrenierdelatour.be\/livres\/wp-json\/wp\/v2\/media\/24503"}],"wp:attachment":[{"href":"https:\/\/legrenierdelatour.be\/livres\/wp-json\/wp\/v2\/media?parent=24516"}],"wp:term":[{"taxonomy":"product_cat","embeddable":true,"href":"https:\/\/legrenierdelatour.be\/livres\/wp-json\/wp\/v2\/product_cat?post=24516"},{"taxonomy":"product_tag","embeddable":true,"href":"https:\/\/legrenierdelatour.be\/livres\/wp-json\/wp\/v2\/product_tag?post=24516"}],"curies":[{"name":"wp","href":"https:\/\/api.w.org\/{rel}","templated":true}]}}