{"id":24313,"date":"2025-11-22T18:51:46","date_gmt":"2025-11-22T17:51:46","guid":{"rendered":"https:\/\/legrenierdelatour.be\/livres\/produit\/martin-de-tours-du-legionnaire-au-saint-eveque-2\/"},"modified":"2025-12-14T22:12:58","modified_gmt":"2025-12-14T21:12:58","slug":"martin-de-tours-du-legionnaire-au-saint-eveque-2","status":"publish","type":"product","link":"https:\/\/legrenierdelatour.be\/livres\/produit\/martin-de-tours-du-legionnaire-au-saint-eveque-2\/","title":{"rendered":"martin de tours du l\u00e9gionnaire au saint \u00e9v\u00eaque"},"content":{"rendered":"","protected":false},"excerpt":{"rendered":"","protected":false},"featured_media":24242,"template":"","meta":{"neve_meta_sidebar":"","neve_meta_container":"","neve_meta_enable_content_width":"","neve_meta_content_width":0,"neve_meta_title_alignment":"","neve_meta_author_avatar":"","neve_post_elements_order":"","neve_meta_disable_header":"","neve_meta_disable_footer":"","neve_meta_disable_title":""},"product_cat":[38,32],"product_tag":[64],"class_list":{"0":"post-24313","1":"product","2":"type-product","3":"status-publish","4":"has-post-thumbnail","6":"product_cat-liege","7":"product_cat-patrimoine-et-histoire","8":"product_tag-francais","10":"first","11":"instock","12":"shipping-taxable","13":"purchasable","14":"product-type-simple"},"_links":{"self":[{"href":"https:\/\/legrenierdelatour.be\/livres\/wp-json\/wp\/v2\/product\/24313","targetHints":{"allow":["GET"]}}],"collection":[{"href":"https:\/\/legrenierdelatour.be\/livres\/wp-json\/wp\/v2\/product"}],"about":[{"href":"https:\/\/legrenierdelatour.be\/livres\/wp-json\/wp\/v2\/types\/product"}],"wp:featuredmedia":[{"embeddable":true,"href":"https:\/\/legrenierdelatour.be\/livres\/wp-json\/wp\/v2\/media\/24242"}],"wp:attachment":[{"href":"https:\/\/legrenierdelatour.be\/livres\/wp-json\/wp\/v2\/media?parent=24313"}],"wp:term":[{"taxonomy":"product_cat","embeddable":true,"href":"https:\/\/legrenierdelatour.be\/livres\/wp-json\/wp\/v2\/product_cat?post=24313"},{"taxonomy":"product_tag","embeddable":true,"href":"https:\/\/legrenierdelatour.be\/livres\/wp-json\/wp\/v2\/product_tag?post=24313"}],"curies":[{"name":"wp","href":"https:\/\/api.w.org\/{rel}","templated":true}]}}