{"id":24037,"date":"2025-10-10T23:05:23","date_gmt":"2025-10-10T21:05:23","guid":{"rendered":"https:\/\/legrenierdelatour.be\/livres\/produit\/la-legion-saute-sur-kolwezi-operation-leopard-pierre-sergent\/"},"modified":"2025-12-14T22:12:45","modified_gmt":"2025-12-14T21:12:45","slug":"la-legion-saute-sur-kolwezi-operation-leopard-pierre-sergent","status":"publish","type":"product","link":"https:\/\/legrenierdelatour.be\/livres\/produit\/la-legion-saute-sur-kolwezi-operation-leopard-pierre-sergent\/","title":{"rendered":"la l\u00e9gion saute sur kolwezi op\u00e9ration l\u00e9opard"},"content":{"rendered":"","protected":false},"excerpt":{"rendered":"","protected":false},"featured_media":23987,"template":"","meta":{"neve_meta_sidebar":"","neve_meta_container":"","neve_meta_enable_content_width":"","neve_meta_content_width":0,"neve_meta_title_alignment":"","neve_meta_author_avatar":"","neve_post_elements_order":"","neve_meta_disable_header":"","neve_meta_disable_footer":"","neve_meta_disable_title":""},"product_cat":[56,32],"product_tag":[64],"class_list":{"0":"post-24037","1":"product","2":"type-product","3":"status-publish","4":"has-post-thumbnail","6":"product_cat-congo","7":"product_cat-patrimoine-et-histoire","8":"product_tag-francais","10":"first","11":"instock","12":"shipping-taxable","13":"purchasable","14":"product-type-simple"},"_links":{"self":[{"href":"https:\/\/legrenierdelatour.be\/livres\/wp-json\/wp\/v2\/product\/24037","targetHints":{"allow":["GET"]}}],"collection":[{"href":"https:\/\/legrenierdelatour.be\/livres\/wp-json\/wp\/v2\/product"}],"about":[{"href":"https:\/\/legrenierdelatour.be\/livres\/wp-json\/wp\/v2\/types\/product"}],"wp:featuredmedia":[{"embeddable":true,"href":"https:\/\/legrenierdelatour.be\/livres\/wp-json\/wp\/v2\/media\/23987"}],"wp:attachment":[{"href":"https:\/\/legrenierdelatour.be\/livres\/wp-json\/wp\/v2\/media?parent=24037"}],"wp:term":[{"taxonomy":"product_cat","embeddable":true,"href":"https:\/\/legrenierdelatour.be\/livres\/wp-json\/wp\/v2\/product_cat?post=24037"},{"taxonomy":"product_tag","embeddable":true,"href":"https:\/\/legrenierdelatour.be\/livres\/wp-json\/wp\/v2\/product_tag?post=24037"}],"curies":[{"name":"wp","href":"https:\/\/api.w.org\/{rel}","templated":true}]}}