{"id":23966,"date":"2025-10-04T21:15:17","date_gmt":"2025-10-04T19:15:17","guid":{"rendered":"https:\/\/legrenierdelatour.be\/livres\/produit\/la-carte-darenberg-de-la-terre-et-prevote-de-neufchateau-en-1609\/"},"modified":"2025-12-14T22:12:39","modified_gmt":"2025-12-14T21:12:39","slug":"la-carte-darenberg-de-la-terre-et-prevote-de-neufchateau-en-1609","status":"publish","type":"product","link":"https:\/\/legrenierdelatour.be\/livres\/produit\/la-carte-darenberg-de-la-terre-et-prevote-de-neufchateau-en-1609\/","title":{"rendered":"la carte d\u2019arenberg de la terre et pr\u00e9v\u00f4t\u00e9 de neufch\u00e2teau en 1609"},"content":{"rendered":"","protected":false},"excerpt":{"rendered":"","protected":false},"featured_media":23934,"template":"","meta":{"neve_meta_sidebar":"","neve_meta_container":"","neve_meta_enable_content_width":"","neve_meta_content_width":0,"neve_meta_title_alignment":"","neve_meta_author_avatar":"","neve_post_elements_order":"","neve_meta_disable_header":"","neve_meta_disable_footer":"","neve_meta_disable_title":""},"product_cat":[21,25],"product_tag":[64],"class_list":{"0":"post-23966","1":"product","2":"type-product","3":"status-publish","4":"has-post-thumbnail","6":"product_cat-la-province-de-luxembourg","7":"product_cat-cartographie","8":"product_tag-francais","10":"first","11":"instock","12":"shipping-taxable","13":"purchasable","14":"product-type-simple"},"_links":{"self":[{"href":"https:\/\/legrenierdelatour.be\/livres\/wp-json\/wp\/v2\/product\/23966","targetHints":{"allow":["GET"]}}],"collection":[{"href":"https:\/\/legrenierdelatour.be\/livres\/wp-json\/wp\/v2\/product"}],"about":[{"href":"https:\/\/legrenierdelatour.be\/livres\/wp-json\/wp\/v2\/types\/product"}],"wp:featuredmedia":[{"embeddable":true,"href":"https:\/\/legrenierdelatour.be\/livres\/wp-json\/wp\/v2\/media\/23934"}],"wp:attachment":[{"href":"https:\/\/legrenierdelatour.be\/livres\/wp-json\/wp\/v2\/media?parent=23966"}],"wp:term":[{"taxonomy":"product_cat","embeddable":true,"href":"https:\/\/legrenierdelatour.be\/livres\/wp-json\/wp\/v2\/product_cat?post=23966"},{"taxonomy":"product_tag","embeddable":true,"href":"https:\/\/legrenierdelatour.be\/livres\/wp-json\/wp\/v2\/product_tag?post=23966"}],"curies":[{"name":"wp","href":"https:\/\/api.w.org\/{rel}","templated":true}]}}