{"id":23822,"date":"2025-09-24T21:27:59","date_gmt":"2025-09-24T19:27:59","guid":{"rendered":"https:\/\/legrenierdelatour.be\/livres\/produit\/150-manuscrits-precieux-du-ixe-au-xvie-siecle-conserves-a-la-bibliotheque-nationale-de-luxembourg-jul-christophory-2\/"},"modified":"2025-12-14T22:12:32","modified_gmt":"2025-12-14T21:12:32","slug":"150-manuscrits-precieux-du-ixe-au-xvie-siecle-conserves-a-la-bibliotheque-nationale-de-luxembourg-jul-christophory-2","status":"publish","type":"product","link":"https:\/\/legrenierdelatour.be\/livres\/produit\/150-manuscrits-precieux-du-ixe-au-xvie-siecle-conserves-a-la-bibliotheque-nationale-de-luxembourg-jul-christophory-2\/","title":{"rendered":"150 manuscrits pr\u00e9cieux du IXe au XVIe si\u00e8cle conserv\u00e9s \u00e0 la biblioth\u00e8que nationale de luxembourg"},"content":{"rendered":"","protected":false},"excerpt":{"rendered":"","protected":false},"featured_media":23778,"template":"","meta":{"neve_meta_sidebar":"","neve_meta_container":"","neve_meta_enable_content_width":"","neve_meta_content_width":0,"neve_meta_title_alignment":"","neve_meta_author_avatar":"","neve_post_elements_order":"","neve_meta_disable_header":"","neve_meta_disable_footer":"","neve_meta_disable_title":""},"product_cat":[19,32],"product_tag":[64],"class_list":{"0":"post-23822","1":"product","2":"type-product","3":"status-publish","4":"has-post-thumbnail","6":"product_cat-luxemburgensia","7":"product_cat-patrimoine-et-histoire","8":"product_tag-francais","10":"first","11":"instock","12":"shipping-taxable","13":"purchasable","14":"product-type-simple"},"_links":{"self":[{"href":"https:\/\/legrenierdelatour.be\/livres\/wp-json\/wp\/v2\/product\/23822","targetHints":{"allow":["GET"]}}],"collection":[{"href":"https:\/\/legrenierdelatour.be\/livres\/wp-json\/wp\/v2\/product"}],"about":[{"href":"https:\/\/legrenierdelatour.be\/livres\/wp-json\/wp\/v2\/types\/product"}],"wp:featuredmedia":[{"embeddable":true,"href":"https:\/\/legrenierdelatour.be\/livres\/wp-json\/wp\/v2\/media\/23778"}],"wp:attachment":[{"href":"https:\/\/legrenierdelatour.be\/livres\/wp-json\/wp\/v2\/media?parent=23822"}],"wp:term":[{"taxonomy":"product_cat","embeddable":true,"href":"https:\/\/legrenierdelatour.be\/livres\/wp-json\/wp\/v2\/product_cat?post=23822"},{"taxonomy":"product_tag","embeddable":true,"href":"https:\/\/legrenierdelatour.be\/livres\/wp-json\/wp\/v2\/product_tag?post=23822"}],"curies":[{"name":"wp","href":"https:\/\/api.w.org\/{rel}","templated":true}]}}