{"id":23818,"date":"2025-09-24T21:27:56","date_gmt":"2025-09-24T19:27:56","guid":{"rendered":"https:\/\/legrenierdelatour.be\/livres\/produit\/stations-de-surface-epipaleolithiques-du-grand-duche-de-luxembourg-marcel-lamesch\/"},"modified":"2025-12-14T22:12:33","modified_gmt":"2025-12-14T21:12:33","slug":"stations-de-surface-epipaleolithiques-du-grand-duche-de-luxembourg-marcel-lamesch","status":"publish","type":"product","link":"https:\/\/legrenierdelatour.be\/livres\/produit\/stations-de-surface-epipaleolithiques-du-grand-duche-de-luxembourg-marcel-lamesch\/","title":{"rendered":"stations de surface \u00e9pipal\u00e9olithiques du grand-duch\u00e9 de luxembourg"},"content":{"rendered":"","protected":false},"excerpt":{"rendered":"","protected":false},"featured_media":23774,"template":"","meta":{"neve_meta_sidebar":"","neve_meta_container":"","neve_meta_enable_content_width":"","neve_meta_content_width":0,"neve_meta_title_alignment":"","neve_meta_author_avatar":"","neve_post_elements_order":"","neve_meta_disable_header":"","neve_meta_disable_footer":"","neve_meta_disable_title":""},"product_cat":[19,54],"product_tag":[64],"class_list":{"0":"post-23818","1":"product","2":"type-product","3":"status-publish","4":"has-post-thumbnail","6":"product_cat-luxemburgensia","7":"product_cat-archeologie","8":"product_tag-francais","10":"first","11":"instock","12":"shipping-taxable","13":"purchasable","14":"product-type-simple"},"_links":{"self":[{"href":"https:\/\/legrenierdelatour.be\/livres\/wp-json\/wp\/v2\/product\/23818","targetHints":{"allow":["GET"]}}],"collection":[{"href":"https:\/\/legrenierdelatour.be\/livres\/wp-json\/wp\/v2\/product"}],"about":[{"href":"https:\/\/legrenierdelatour.be\/livres\/wp-json\/wp\/v2\/types\/product"}],"wp:featuredmedia":[{"embeddable":true,"href":"https:\/\/legrenierdelatour.be\/livres\/wp-json\/wp\/v2\/media\/23774"}],"wp:attachment":[{"href":"https:\/\/legrenierdelatour.be\/livres\/wp-json\/wp\/v2\/media?parent=23818"}],"wp:term":[{"taxonomy":"product_cat","embeddable":true,"href":"https:\/\/legrenierdelatour.be\/livres\/wp-json\/wp\/v2\/product_cat?post=23818"},{"taxonomy":"product_tag","embeddable":true,"href":"https:\/\/legrenierdelatour.be\/livres\/wp-json\/wp\/v2\/product_tag?post=23818"}],"curies":[{"name":"wp","href":"https:\/\/api.w.org\/{rel}","templated":true}]}}