{"id":23537,"date":"2025-09-10T21:36:43","date_gmt":"2025-09-10T19:36:43","guid":{"rendered":"https:\/\/legrenierdelatour.be\/livres\/produit\/de-lepuration-grand-duche-de-luxembourg-apres-la-seconde-guerre-mondiale-1980-paul-cerf\/"},"modified":"2025-12-14T22:12:21","modified_gmt":"2025-12-14T21:12:21","slug":"de-lepuration-grand-duche-de-luxembourg-apres-la-seconde-guerre-mondiale-1980-paul-cerf","status":"publish","type":"product","link":"https:\/\/legrenierdelatour.be\/livres\/produit\/de-lepuration-grand-duche-de-luxembourg-apres-la-seconde-guerre-mondiale-1980-paul-cerf\/","title":{"rendered":"de l\u2019\u00e9puration grand-duch\u00e9 de luxembourg apr\u00e8s la seconde guerre mondiale  198"},"content":{"rendered":"","protected":false},"excerpt":{"rendered":"","protected":false},"featured_media":23507,"template":"","meta":{"neve_meta_sidebar":"","neve_meta_container":"","neve_meta_enable_content_width":"","neve_meta_content_width":0,"neve_meta_title_alignment":"","neve_meta_author_avatar":"","neve_post_elements_order":"","neve_meta_disable_header":"","neve_meta_disable_footer":"","neve_meta_disable_title":""},"product_cat":[19,33],"product_tag":[67,64],"class_list":{"0":"post-23537","1":"product","2":"type-product","3":"status-publish","4":"has-post-thumbnail","6":"product_cat-luxemburgensia","7":"product_cat-ww2","8":"product_tag-allemend","9":"product_tag-francais","11":"first","12":"instock","13":"shipping-taxable","14":"purchasable","15":"product-type-simple"},"_links":{"self":[{"href":"https:\/\/legrenierdelatour.be\/livres\/wp-json\/wp\/v2\/product\/23537","targetHints":{"allow":["GET"]}}],"collection":[{"href":"https:\/\/legrenierdelatour.be\/livres\/wp-json\/wp\/v2\/product"}],"about":[{"href":"https:\/\/legrenierdelatour.be\/livres\/wp-json\/wp\/v2\/types\/product"}],"wp:featuredmedia":[{"embeddable":true,"href":"https:\/\/legrenierdelatour.be\/livres\/wp-json\/wp\/v2\/media\/23507"}],"wp:attachment":[{"href":"https:\/\/legrenierdelatour.be\/livres\/wp-json\/wp\/v2\/media?parent=23537"}],"wp:term":[{"taxonomy":"product_cat","embeddable":true,"href":"https:\/\/legrenierdelatour.be\/livres\/wp-json\/wp\/v2\/product_cat?post=23537"},{"taxonomy":"product_tag","embeddable":true,"href":"https:\/\/legrenierdelatour.be\/livres\/wp-json\/wp\/v2\/product_tag?post=23537"}],"curies":[{"name":"wp","href":"https:\/\/api.w.org\/{rel}","templated":true}]}}