{"id":23339,"date":"2025-08-10T22:12:53","date_gmt":"2025-08-10T20:12:53","guid":{"rendered":"https:\/\/legrenierdelatour.be\/livres\/produit\/de-linichar-a-lissep-larchitecte-charles-vandenhove-au-val-benoit-a-liege-pierre-henrion\/"},"modified":"2026-02-28T19:21:04","modified_gmt":"2026-02-28T18:21:04","slug":"de-linichar-a-lissep-larchitecte-charles-vandenhove-au-val-benoit-a-liege-pierre-henrion","status":"publish","type":"product","link":"https:\/\/legrenierdelatour.be\/livres\/produit\/de-linichar-a-lissep-larchitecte-charles-vandenhove-au-val-benoit-a-liege-pierre-henrion\/","title":{"rendered":"de l\u2019inichar \u00e0 l\u2019issep l\u2019architecte charles vandenhove au val beno\u00eet \u00e0 li\u00e8ge"},"content":{"rendered":"","protected":false},"excerpt":{"rendered":"","protected":false},"featured_media":23273,"template":"","meta":{"neve_meta_sidebar":"","neve_meta_container":"","neve_meta_enable_content_width":"","neve_meta_content_width":0,"neve_meta_title_alignment":"","neve_meta_author_avatar":"","neve_post_elements_order":"","neve_meta_disable_header":"","neve_meta_disable_footer":"","neve_meta_disable_title":""},"product_cat":[38,32],"product_tag":[64],"class_list":{"0":"post-23339","1":"product","2":"type-product","3":"status-publish","4":"has-post-thumbnail","6":"product_cat-liege","7":"product_cat-patrimoine-et-histoire","8":"product_tag-francais","10":"first","11":"instock","12":"shipping-taxable","13":"purchasable","14":"product-type-simple"},"_links":{"self":[{"href":"https:\/\/legrenierdelatour.be\/livres\/wp-json\/wp\/v2\/product\/23339","targetHints":{"allow":["GET"]}}],"collection":[{"href":"https:\/\/legrenierdelatour.be\/livres\/wp-json\/wp\/v2\/product"}],"about":[{"href":"https:\/\/legrenierdelatour.be\/livres\/wp-json\/wp\/v2\/types\/product"}],"wp:featuredmedia":[{"embeddable":true,"href":"https:\/\/legrenierdelatour.be\/livres\/wp-json\/wp\/v2\/media\/23273"}],"wp:attachment":[{"href":"https:\/\/legrenierdelatour.be\/livres\/wp-json\/wp\/v2\/media?parent=23339"}],"wp:term":[{"taxonomy":"product_cat","embeddable":true,"href":"https:\/\/legrenierdelatour.be\/livres\/wp-json\/wp\/v2\/product_cat?post=23339"},{"taxonomy":"product_tag","embeddable":true,"href":"https:\/\/legrenierdelatour.be\/livres\/wp-json\/wp\/v2\/product_tag?post=23339"}],"curies":[{"name":"wp","href":"https:\/\/api.w.org\/{rel}","templated":true}]}}