{"id":23317,"date":"2025-08-10T22:12:38","date_gmt":"2025-08-10T20:12:38","guid":{"rendered":"https:\/\/legrenierdelatour.be\/livres\/produit\/etudes-et-documents-archeologie-41-le-chateau-renaud-a-virton-anne-cahen-delhaye\/"},"modified":"2026-02-28T19:21:02","modified_gmt":"2026-02-28T18:21:02","slug":"etudes-et-documents-archeologie-41-le-chateau-renaud-a-virton-anne-cahen-delhaye","status":"publish","type":"product","link":"https:\/\/legrenierdelatour.be\/livres\/produit\/etudes-et-documents-archeologie-41-le-chateau-renaud-a-virton-anne-cahen-delhaye\/","title":{"rendered":"\u00e9tudes et documents arch\u00e9ologie 41 le ch\u00e2teau renaud \u00e0 virton"},"content":{"rendered":"","protected":false},"excerpt":{"rendered":"","protected":false},"featured_media":23251,"template":"","meta":{"neve_meta_sidebar":"","neve_meta_container":"","neve_meta_enable_content_width":"","neve_meta_content_width":0,"neve_meta_title_alignment":"","neve_meta_author_avatar":"","neve_post_elements_order":"","neve_meta_disable_header":"","neve_meta_disable_footer":"","neve_meta_disable_title":""},"product_cat":[21,54],"product_tag":[64],"class_list":{"0":"post-23317","1":"product","2":"type-product","3":"status-publish","4":"has-post-thumbnail","6":"product_cat-la-province-de-luxembourg","7":"product_cat-archeologie","8":"product_tag-francais","10":"first","11":"instock","12":"shipping-taxable","13":"purchasable","14":"product-type-simple"},"_links":{"self":[{"href":"https:\/\/legrenierdelatour.be\/livres\/wp-json\/wp\/v2\/product\/23317","targetHints":{"allow":["GET"]}}],"collection":[{"href":"https:\/\/legrenierdelatour.be\/livres\/wp-json\/wp\/v2\/product"}],"about":[{"href":"https:\/\/legrenierdelatour.be\/livres\/wp-json\/wp\/v2\/types\/product"}],"wp:featuredmedia":[{"embeddable":true,"href":"https:\/\/legrenierdelatour.be\/livres\/wp-json\/wp\/v2\/media\/23251"}],"wp:attachment":[{"href":"https:\/\/legrenierdelatour.be\/livres\/wp-json\/wp\/v2\/media?parent=23317"}],"wp:term":[{"taxonomy":"product_cat","embeddable":true,"href":"https:\/\/legrenierdelatour.be\/livres\/wp-json\/wp\/v2\/product_cat?post=23317"},{"taxonomy":"product_tag","embeddable":true,"href":"https:\/\/legrenierdelatour.be\/livres\/wp-json\/wp\/v2\/product_tag?post=23317"}],"curies":[{"name":"wp","href":"https:\/\/api.w.org\/{rel}","templated":true}]}}