{"id":23298,"date":"2025-08-10T22:12:25","date_gmt":"2025-08-10T20:12:25","guid":{"rendered":"https:\/\/legrenierdelatour.be\/livres\/produit\/etudes-et-documents-archeologie-42-la-maison-du-pleban-a-dinant-patrick-hoffsummer\/"},"modified":"2026-02-28T19:21:00","modified_gmt":"2026-02-28T18:21:00","slug":"etudes-et-documents-archeologie-42-la-maison-du-pleban-a-dinant-patrick-hoffsummer","status":"publish","type":"product","link":"https:\/\/legrenierdelatour.be\/livres\/produit\/etudes-et-documents-archeologie-42-la-maison-du-pleban-a-dinant-patrick-hoffsummer\/","title":{"rendered":"\u00e9tudes et documents arch\u00e9ologie 42 la maison du pl\u00e9ban \u00e0 dinant"},"content":{"rendered":"","protected":false},"excerpt":{"rendered":"","protected":false},"featured_media":23233,"template":"","meta":{"neve_meta_sidebar":"","neve_meta_container":"","neve_meta_enable_content_width":"","neve_meta_content_width":0,"neve_meta_title_alignment":"","neve_meta_author_avatar":"","neve_post_elements_order":"","neve_meta_disable_header":"","neve_meta_disable_footer":"","neve_meta_disable_title":""},"product_cat":[75,54],"product_tag":[64],"class_list":{"0":"post-23298","1":"product","2":"type-product","3":"status-publish","4":"has-post-thumbnail","6":"product_cat-namur","7":"product_cat-archeologie","8":"product_tag-francais","10":"first","11":"instock","12":"shipping-taxable","13":"purchasable","14":"product-type-simple"},"_links":{"self":[{"href":"https:\/\/legrenierdelatour.be\/livres\/wp-json\/wp\/v2\/product\/23298","targetHints":{"allow":["GET"]}}],"collection":[{"href":"https:\/\/legrenierdelatour.be\/livres\/wp-json\/wp\/v2\/product"}],"about":[{"href":"https:\/\/legrenierdelatour.be\/livres\/wp-json\/wp\/v2\/types\/product"}],"wp:featuredmedia":[{"embeddable":true,"href":"https:\/\/legrenierdelatour.be\/livres\/wp-json\/wp\/v2\/media\/23233"}],"wp:attachment":[{"href":"https:\/\/legrenierdelatour.be\/livres\/wp-json\/wp\/v2\/media?parent=23298"}],"wp:term":[{"taxonomy":"product_cat","embeddable":true,"href":"https:\/\/legrenierdelatour.be\/livres\/wp-json\/wp\/v2\/product_cat?post=23298"},{"taxonomy":"product_tag","embeddable":true,"href":"https:\/\/legrenierdelatour.be\/livres\/wp-json\/wp\/v2\/product_tag?post=23298"}],"curies":[{"name":"wp","href":"https:\/\/api.w.org\/{rel}","templated":true}]}}