{"id":23190,"date":"2025-07-27T17:45:14","date_gmt":"2025-07-27T15:45:14","guid":{"rendered":"https:\/\/legrenierdelatour.be\/livres\/produit\/repertoire-analytique-des-pieces-de-procedure-fournies-par-invantaire-1724-1795-antoine-may\/"},"modified":"2026-03-27T09:30:45","modified_gmt":"2026-03-27T08:30:45","slug":"repertoire-analytique-des-pieces-de-procedure-fournies-par-invantaire-1724-1795-antoine-may","status":"publish","type":"product","link":"https:\/\/legrenierdelatour.be\/livres\/produit\/repertoire-analytique-des-pieces-de-procedure-fournies-par-invantaire-1724-1795-antoine-may\/","title":{"rendered":"r\u00e9pertoire analytique des pi\u00e8ces de proc\u00e9dure fournies par invantaire (1724-1795) \/ antoine may"},"content":{"rendered":"","protected":false},"excerpt":{"rendered":"","protected":false},"featured_media":23056,"template":"","meta":{"neve_meta_sidebar":"","neve_meta_container":"","neve_meta_enable_content_width":"off","neve_meta_content_width":100,"neve_meta_title_alignment":"","neve_meta_author_avatar":"","neve_post_elements_order":"","neve_meta_disable_header":"","neve_meta_disable_footer":"","neve_meta_disable_title":""},"product_cat":[19,32],"product_tag":[],"class_list":{"0":"post-23190","1":"product","2":"type-product","3":"status-publish","4":"has-post-thumbnail","6":"product_cat-luxemburgensia","7":"product_cat-patrimoine-et-histoire","9":"first","10":"instock","11":"shipping-taxable","12":"purchasable","13":"product-type-simple"},"_links":{"self":[{"href":"https:\/\/legrenierdelatour.be\/livres\/wp-json\/wp\/v2\/product\/23190","targetHints":{"allow":["GET"]}}],"collection":[{"href":"https:\/\/legrenierdelatour.be\/livres\/wp-json\/wp\/v2\/product"}],"about":[{"href":"https:\/\/legrenierdelatour.be\/livres\/wp-json\/wp\/v2\/types\/product"}],"wp:featuredmedia":[{"embeddable":true,"href":"https:\/\/legrenierdelatour.be\/livres\/wp-json\/wp\/v2\/media\/23056"}],"wp:attachment":[{"href":"https:\/\/legrenierdelatour.be\/livres\/wp-json\/wp\/v2\/media?parent=23190"}],"wp:term":[{"taxonomy":"product_cat","embeddable":true,"href":"https:\/\/legrenierdelatour.be\/livres\/wp-json\/wp\/v2\/product_cat?post=23190"},{"taxonomy":"product_tag","embeddable":true,"href":"https:\/\/legrenierdelatour.be\/livres\/wp-json\/wp\/v2\/product_tag?post=23190"}],"curies":[{"name":"wp","href":"https:\/\/api.w.org\/{rel}","templated":true}]}}