{"id":23188,"date":"2025-07-27T17:45:13","date_gmt":"2025-07-27T15:45:13","guid":{"rendered":"https:\/\/legrenierdelatour.be\/livres\/produit\/compte-rendu-des-seances-des-etats-du-grand-duche-de-luxembourg-sessions-1842\/"},"modified":"2025-12-14T22:12:02","modified_gmt":"2025-12-14T21:12:02","slug":"compte-rendu-des-seances-des-etats-du-grand-duche-de-luxembourg-sessions-1842","status":"publish","type":"product","link":"https:\/\/legrenierdelatour.be\/livres\/produit\/compte-rendu-des-seances-des-etats-du-grand-duche-de-luxembourg-sessions-1842\/","title":{"rendered":"compte-rendu des s\u00e9ances des \u00e9tats du grand-duch\u00e9 de luxembourg sessions 1842"},"content":{"rendered":"","protected":false},"excerpt":{"rendered":"","protected":false},"featured_media":23054,"template":"","meta":{"neve_meta_sidebar":"","neve_meta_container":"","neve_meta_enable_content_width":"","neve_meta_content_width":0,"neve_meta_title_alignment":"","neve_meta_author_avatar":"","neve_post_elements_order":"","neve_meta_disable_header":"","neve_meta_disable_footer":"","neve_meta_disable_title":""},"product_cat":[19,32,57],"product_tag":[],"class_list":{"0":"post-23188","1":"product","2":"type-product","3":"status-publish","4":"has-post-thumbnail","6":"product_cat-luxemburgensia","7":"product_cat-patrimoine-et-histoire","8":"product_cat-livres-anciens-avant-1900","10":"first","11":"instock","12":"shipping-taxable","13":"purchasable","14":"product-type-simple"},"_links":{"self":[{"href":"https:\/\/legrenierdelatour.be\/livres\/wp-json\/wp\/v2\/product\/23188","targetHints":{"allow":["GET"]}}],"collection":[{"href":"https:\/\/legrenierdelatour.be\/livres\/wp-json\/wp\/v2\/product"}],"about":[{"href":"https:\/\/legrenierdelatour.be\/livres\/wp-json\/wp\/v2\/types\/product"}],"wp:featuredmedia":[{"embeddable":true,"href":"https:\/\/legrenierdelatour.be\/livres\/wp-json\/wp\/v2\/media\/23054"}],"wp:attachment":[{"href":"https:\/\/legrenierdelatour.be\/livres\/wp-json\/wp\/v2\/media?parent=23188"}],"wp:term":[{"taxonomy":"product_cat","embeddable":true,"href":"https:\/\/legrenierdelatour.be\/livres\/wp-json\/wp\/v2\/product_cat?post=23188"},{"taxonomy":"product_tag","embeddable":true,"href":"https:\/\/legrenierdelatour.be\/livres\/wp-json\/wp\/v2\/product_tag?post=23188"}],"curies":[{"name":"wp","href":"https:\/\/api.w.org\/{rel}","templated":true}]}}