{"id":22727,"date":"2025-07-06T21:17:39","date_gmt":"2025-07-06T19:17:39","guid":{"rendered":"https:\/\/legrenierdelatour.be\/livres\/produit\/lart-degenere-selon-hitler-la-vente-de-lucerne-1939-2014-jean-patrick-duchesne\/"},"modified":"2025-12-14T22:11:53","modified_gmt":"2025-12-14T21:11:53","slug":"lart-degenere-selon-hitler-la-vente-de-lucerne-1939-2014-jean-patrick-duchesne","status":"publish","type":"product","link":"https:\/\/legrenierdelatour.be\/livres\/produit\/lart-degenere-selon-hitler-la-vente-de-lucerne-1939-2014-jean-patrick-duchesne\/","title":{"rendered":"l\u2019art d\u00e9g\u00e9n\u00e9r\u00e9 selon hitler la vente de lucerne, 1939 201"},"content":{"rendered":"","protected":false},"excerpt":{"rendered":"","protected":false},"featured_media":22710,"template":"","meta":{"neve_meta_sidebar":"","neve_meta_container":"","neve_meta_enable_content_width":"","neve_meta_content_width":0,"neve_meta_title_alignment":"","neve_meta_author_avatar":"","neve_post_elements_order":"","neve_meta_disable_header":"","neve_meta_disable_footer":"","neve_meta_disable_title":""},"product_cat":[38,33],"product_tag":[64],"class_list":{"0":"post-22727","1":"product","2":"type-product","3":"status-publish","4":"has-post-thumbnail","6":"product_cat-liege","7":"product_cat-ww2","8":"product_tag-francais","10":"first","11":"instock","12":"shipping-taxable","13":"purchasable","14":"product-type-simple"},"_links":{"self":[{"href":"https:\/\/legrenierdelatour.be\/livres\/wp-json\/wp\/v2\/product\/22727","targetHints":{"allow":["GET"]}}],"collection":[{"href":"https:\/\/legrenierdelatour.be\/livres\/wp-json\/wp\/v2\/product"}],"about":[{"href":"https:\/\/legrenierdelatour.be\/livres\/wp-json\/wp\/v2\/types\/product"}],"wp:featuredmedia":[{"embeddable":true,"href":"https:\/\/legrenierdelatour.be\/livres\/wp-json\/wp\/v2\/media\/22710"}],"wp:attachment":[{"href":"https:\/\/legrenierdelatour.be\/livres\/wp-json\/wp\/v2\/media?parent=22727"}],"wp:term":[{"taxonomy":"product_cat","embeddable":true,"href":"https:\/\/legrenierdelatour.be\/livres\/wp-json\/wp\/v2\/product_cat?post=22727"},{"taxonomy":"product_tag","embeddable":true,"href":"https:\/\/legrenierdelatour.be\/livres\/wp-json\/wp\/v2\/product_tag?post=22727"}],"curies":[{"name":"wp","href":"https:\/\/api.w.org\/{rel}","templated":true}]}}