{"id":22551,"date":"2025-07-01T21:41:51","date_gmt":"2025-07-01T19:41:51","guid":{"rendered":"https:\/\/legrenierdelatour.be\/livres\/produit\/letzebuerg-am-zaitverglaich-jean-pierre-fiedler-2\/"},"modified":"2026-02-28T20:50:24","modified_gmt":"2026-02-28T19:50:24","slug":"letzebuerg-am-zaitverglaich-jean-pierre-fiedler-2","status":"publish","type":"product","link":"https:\/\/legrenierdelatour.be\/livres\/produit\/letzebuerg-am-zaitverglaich-jean-pierre-fiedler-2\/","title":{"rendered":"l\u00ebtzebuerg am z\u00e4itvergl\u00e4ich"},"content":{"rendered":"","protected":false},"excerpt":{"rendered":"","protected":false},"featured_media":22505,"template":"","meta":{"neve_meta_sidebar":"","neve_meta_container":"","neve_meta_enable_content_width":"","neve_meta_content_width":0,"neve_meta_title_alignment":"","neve_meta_author_avatar":"","neve_post_elements_order":"","neve_meta_disable_header":"","neve_meta_disable_footer":"","neve_meta_disable_title":""},"product_cat":[19,32],"product_tag":[67,69,64],"class_list":{"0":"post-22551","1":"product","2":"type-product","3":"status-publish","4":"has-post-thumbnail","6":"product_cat-luxemburgensia","7":"product_cat-patrimoine-et-histoire","8":"product_tag-allemend","9":"product_tag-anglais","10":"product_tag-francais","12":"first","13":"instock","14":"shipping-taxable","15":"purchasable","16":"product-type-simple"},"_links":{"self":[{"href":"https:\/\/legrenierdelatour.be\/livres\/wp-json\/wp\/v2\/product\/22551","targetHints":{"allow":["GET"]}}],"collection":[{"href":"https:\/\/legrenierdelatour.be\/livres\/wp-json\/wp\/v2\/product"}],"about":[{"href":"https:\/\/legrenierdelatour.be\/livres\/wp-json\/wp\/v2\/types\/product"}],"wp:featuredmedia":[{"embeddable":true,"href":"https:\/\/legrenierdelatour.be\/livres\/wp-json\/wp\/v2\/media\/22505"}],"wp:attachment":[{"href":"https:\/\/legrenierdelatour.be\/livres\/wp-json\/wp\/v2\/media?parent=22551"}],"wp:term":[{"taxonomy":"product_cat","embeddable":true,"href":"https:\/\/legrenierdelatour.be\/livres\/wp-json\/wp\/v2\/product_cat?post=22551"},{"taxonomy":"product_tag","embeddable":true,"href":"https:\/\/legrenierdelatour.be\/livres\/wp-json\/wp\/v2\/product_tag?post=22551"}],"curies":[{"name":"wp","href":"https:\/\/api.w.org\/{rel}","templated":true}]}}