{"id":22550,"date":"2025-07-01T21:41:50","date_gmt":"2025-07-01T19:41:50","guid":{"rendered":"https:\/\/legrenierdelatour.be\/livres\/produit\/la-legislation-monetaire-du-gdl-de-1815-a-nos-jours-roger-croise-rene-link\/"},"modified":"2026-02-28T19:20:53","modified_gmt":"2026-02-28T18:20:53","slug":"la-legislation-monetaire-du-gdl-de-1815-a-nos-jours-roger-croise-rene-link","status":"publish","type":"product","link":"https:\/\/legrenierdelatour.be\/livres\/produit\/la-legislation-monetaire-du-gdl-de-1815-a-nos-jours-roger-croise-rene-link\/","title":{"rendered":"la l\u00e9gislation mon\u00e9taire du gdl de 1815 \u00e0 nos jours"},"content":{"rendered":"","protected":false},"excerpt":{"rendered":"","protected":false},"featured_media":22504,"template":"","meta":{"neve_meta_sidebar":"","neve_meta_container":"","neve_meta_enable_content_width":"","neve_meta_content_width":0,"neve_meta_title_alignment":"","neve_meta_author_avatar":"","neve_post_elements_order":"","neve_meta_disable_header":"","neve_meta_disable_footer":"","neve_meta_disable_title":""},"product_cat":[19,32],"product_tag":[64],"class_list":{"0":"post-22550","1":"product","2":"type-product","3":"status-publish","4":"has-post-thumbnail","6":"product_cat-luxemburgensia","7":"product_cat-patrimoine-et-histoire","8":"product_tag-francais","10":"first","11":"instock","12":"shipping-taxable","13":"purchasable","14":"product-type-simple"},"_links":{"self":[{"href":"https:\/\/legrenierdelatour.be\/livres\/wp-json\/wp\/v2\/product\/22550","targetHints":{"allow":["GET"]}}],"collection":[{"href":"https:\/\/legrenierdelatour.be\/livres\/wp-json\/wp\/v2\/product"}],"about":[{"href":"https:\/\/legrenierdelatour.be\/livres\/wp-json\/wp\/v2\/types\/product"}],"wp:featuredmedia":[{"embeddable":true,"href":"https:\/\/legrenierdelatour.be\/livres\/wp-json\/wp\/v2\/media\/22504"}],"wp:attachment":[{"href":"https:\/\/legrenierdelatour.be\/livres\/wp-json\/wp\/v2\/media?parent=22550"}],"wp:term":[{"taxonomy":"product_cat","embeddable":true,"href":"https:\/\/legrenierdelatour.be\/livres\/wp-json\/wp\/v2\/product_cat?post=22550"},{"taxonomy":"product_tag","embeddable":true,"href":"https:\/\/legrenierdelatour.be\/livres\/wp-json\/wp\/v2\/product_tag?post=22550"}],"curies":[{"name":"wp","href":"https:\/\/api.w.org\/{rel}","templated":true}]}}