{"id":21909,"date":"2025-05-17T22:52:31","date_gmt":"2025-05-17T20:52:31","guid":{"rendered":"https:\/\/legrenierdelatour.be\/livres\/produit\/la-vie-privee-des-hommes-a-pompei\/"},"modified":"2025-12-14T22:11:23","modified_gmt":"2025-12-14T21:11:23","slug":"la-vie-privee-des-hommes-a-pompei","status":"publish","type":"product","link":"https:\/\/legrenierdelatour.be\/livres\/produit\/la-vie-privee-des-hommes-a-pompei\/","title":{"rendered":"la vie priv\u00e9e des hommes \u00e0 pomp\u00e9i"},"content":{"rendered":"","protected":false},"excerpt":{"rendered":"","protected":false},"featured_media":21842,"template":"","meta":{"neve_meta_sidebar":"","neve_meta_container":"","neve_meta_enable_content_width":"","neve_meta_content_width":0,"neve_meta_title_alignment":"","neve_meta_author_avatar":"","neve_post_elements_order":"","neve_meta_disable_header":"","neve_meta_disable_footer":"","neve_meta_disable_title":""},"product_cat":[40,54],"product_tag":[64],"class_list":{"0":"post-21909","1":"product","2":"type-product","3":"status-publish","4":"has-post-thumbnail","6":"product_cat-italie","7":"product_cat-archeologie","8":"product_tag-francais","10":"first","11":"instock","12":"shipping-taxable","13":"purchasable","14":"product-type-simple"},"_links":{"self":[{"href":"https:\/\/legrenierdelatour.be\/livres\/wp-json\/wp\/v2\/product\/21909","targetHints":{"allow":["GET"]}}],"collection":[{"href":"https:\/\/legrenierdelatour.be\/livres\/wp-json\/wp\/v2\/product"}],"about":[{"href":"https:\/\/legrenierdelatour.be\/livres\/wp-json\/wp\/v2\/types\/product"}],"wp:featuredmedia":[{"embeddable":true,"href":"https:\/\/legrenierdelatour.be\/livres\/wp-json\/wp\/v2\/media\/21842"}],"wp:attachment":[{"href":"https:\/\/legrenierdelatour.be\/livres\/wp-json\/wp\/v2\/media?parent=21909"}],"wp:term":[{"taxonomy":"product_cat","embeddable":true,"href":"https:\/\/legrenierdelatour.be\/livres\/wp-json\/wp\/v2\/product_cat?post=21909"},{"taxonomy":"product_tag","embeddable":true,"href":"https:\/\/legrenierdelatour.be\/livres\/wp-json\/wp\/v2\/product_tag?post=21909"}],"curies":[{"name":"wp","href":"https:\/\/api.w.org\/{rel}","templated":true}]}}