{"id":21389,"date":"2025-01-29T17:16:17","date_gmt":"2025-01-29T16:16:17","guid":{"rendered":"https:\/\/legrenierdelatour.be\/livres\/produit\/siebenburgen-ein-abendlandisches-schicksal-die-blauen-bucher-heinrich-zillich\/"},"modified":"2025-12-14T22:11:07","modified_gmt":"2025-12-14T21:11:07","slug":"siebenburgen-ein-abendlandisches-schicksal-die-blauen-bucher-heinrich-zillich","status":"publish","type":"product","link":"https:\/\/legrenierdelatour.be\/livres\/produit\/siebenburgen-ein-abendlandisches-schicksal-die-blauen-bucher-heinrich-zillich\/","title":{"rendered":"siebenb\u00fcrgen ein abendl\u00e4ndisches schicksal die blauen b\u00fccher"},"content":{"rendered":"","protected":false},"excerpt":{"rendered":"","protected":false},"featured_media":21341,"template":"","meta":{"neve_meta_sidebar":"","neve_meta_container":"","neve_meta_enable_content_width":"","neve_meta_content_width":0,"neve_meta_title_alignment":"","neve_meta_author_avatar":"","neve_post_elements_order":"","neve_meta_disable_header":"","neve_meta_disable_footer":"","neve_meta_disable_title":""},"product_cat":[51,32],"product_tag":[67],"class_list":{"0":"post-21389","1":"product","2":"type-product","3":"status-publish","4":"has-post-thumbnail","6":"product_cat-general","7":"product_cat-patrimoine-et-histoire","8":"product_tag-allemend","10":"first","11":"instock","12":"shipping-taxable","13":"purchasable","14":"product-type-simple"},"_links":{"self":[{"href":"https:\/\/legrenierdelatour.be\/livres\/wp-json\/wp\/v2\/product\/21389","targetHints":{"allow":["GET"]}}],"collection":[{"href":"https:\/\/legrenierdelatour.be\/livres\/wp-json\/wp\/v2\/product"}],"about":[{"href":"https:\/\/legrenierdelatour.be\/livres\/wp-json\/wp\/v2\/types\/product"}],"wp:featuredmedia":[{"embeddable":true,"href":"https:\/\/legrenierdelatour.be\/livres\/wp-json\/wp\/v2\/media\/21341"}],"wp:attachment":[{"href":"https:\/\/legrenierdelatour.be\/livres\/wp-json\/wp\/v2\/media?parent=21389"}],"wp:term":[{"taxonomy":"product_cat","embeddable":true,"href":"https:\/\/legrenierdelatour.be\/livres\/wp-json\/wp\/v2\/product_cat?post=21389"},{"taxonomy":"product_tag","embeddable":true,"href":"https:\/\/legrenierdelatour.be\/livres\/wp-json\/wp\/v2\/product_tag?post=21389"}],"curies":[{"name":"wp","href":"https:\/\/api.w.org\/{rel}","templated":true}]}}