{"id":21377,"date":"2025-01-29T17:16:06","date_gmt":"2025-01-29T16:16:06","guid":{"rendered":"https:\/\/legrenierdelatour.be\/livres\/produit\/faiences-fines-de-septfontaines-decors-et-styles-de-1767-au-debut-du-xixe-siecle-1991-jean-luc-mousset\/"},"modified":"2025-12-14T22:11:08","modified_gmt":"2025-12-14T21:11:08","slug":"faiences-fines-de-septfontaines-decors-et-styles-de-1767-au-debut-du-xixe-siecle-1991-jean-luc-mousset","status":"publish","type":"product","link":"https:\/\/legrenierdelatour.be\/livres\/produit\/faiences-fines-de-septfontaines-decors-et-styles-de-1767-au-debut-du-xixe-siecle-1991-jean-luc-mousset\/","title":{"rendered":"fa\u00efences fines de septfontaines d\u00e9cors et styles de 1767 au d\u00e9but du XIXe si\u00e8cle 199"},"content":{"rendered":"","protected":false},"excerpt":{"rendered":"","protected":false},"featured_media":21355,"template":"","meta":{"neve_meta_sidebar":"","neve_meta_container":"","neve_meta_enable_content_width":"","neve_meta_content_width":0,"neve_meta_title_alignment":"","neve_meta_author_avatar":"","neve_post_elements_order":"","neve_meta_disable_header":"","neve_meta_disable_footer":"","neve_meta_disable_title":""},"product_cat":[19,32],"product_tag":[64],"class_list":{"0":"post-21377","1":"product","2":"type-product","3":"status-publish","4":"has-post-thumbnail","6":"product_cat-luxemburgensia","7":"product_cat-patrimoine-et-histoire","8":"product_tag-francais","10":"first","11":"instock","12":"shipping-taxable","13":"purchasable","14":"product-type-simple"},"_links":{"self":[{"href":"https:\/\/legrenierdelatour.be\/livres\/wp-json\/wp\/v2\/product\/21377","targetHints":{"allow":["GET"]}}],"collection":[{"href":"https:\/\/legrenierdelatour.be\/livres\/wp-json\/wp\/v2\/product"}],"about":[{"href":"https:\/\/legrenierdelatour.be\/livres\/wp-json\/wp\/v2\/types\/product"}],"wp:featuredmedia":[{"embeddable":true,"href":"https:\/\/legrenierdelatour.be\/livres\/wp-json\/wp\/v2\/media\/21355"}],"wp:attachment":[{"href":"https:\/\/legrenierdelatour.be\/livres\/wp-json\/wp\/v2\/media?parent=21377"}],"wp:term":[{"taxonomy":"product_cat","embeddable":true,"href":"https:\/\/legrenierdelatour.be\/livres\/wp-json\/wp\/v2\/product_cat?post=21377"},{"taxonomy":"product_tag","embeddable":true,"href":"https:\/\/legrenierdelatour.be\/livres\/wp-json\/wp\/v2\/product_tag?post=21377"}],"curies":[{"name":"wp","href":"https:\/\/api.w.org\/{rel}","templated":true}]}}