{"id":21061,"date":"2024-12-30T21:32:14","date_gmt":"2024-12-30T20:32:14","guid":{"rendered":"https:\/\/legrenierdelatour.be\/livres\/produit\/itineraires-luxembourgeois-et-europeens-evolutions-et-souvenirs-1945-1985-tome-i-pierre-werner\/"},"modified":"2025-12-14T22:10:54","modified_gmt":"2025-12-14T21:10:54","slug":"itineraires-luxembourgeois-et-europeens-evolutions-et-souvenirs-1945-1985-tome-i-pierre-werner","status":"publish","type":"product","link":"https:\/\/legrenierdelatour.be\/livres\/produit\/itineraires-luxembourgeois-et-europeens-evolutions-et-souvenirs-1945-1985-tome-i-pierre-werner\/","title":{"rendered":"itin\u00e9raires luxembourgeois et europ\u00e9ens \u00e9volutions et souvenirs 1945-1985 tome I"},"content":{"rendered":"","protected":false},"excerpt":{"rendered":"","protected":false},"featured_media":21033,"template":"","meta":{"neve_meta_sidebar":"","neve_meta_container":"","neve_meta_enable_content_width":"","neve_meta_content_width":0,"neve_meta_title_alignment":"","neve_meta_author_avatar":"","neve_post_elements_order":"","neve_meta_disable_header":"","neve_meta_disable_footer":"","neve_meta_disable_title":""},"product_cat":[19,32],"product_tag":[64],"class_list":{"0":"post-21061","1":"product","2":"type-product","3":"status-publish","4":"has-post-thumbnail","6":"product_cat-luxemburgensia","7":"product_cat-patrimoine-et-histoire","8":"product_tag-francais","10":"first","11":"instock","12":"shipping-taxable","13":"purchasable","14":"product-type-simple"},"_links":{"self":[{"href":"https:\/\/legrenierdelatour.be\/livres\/wp-json\/wp\/v2\/product\/21061","targetHints":{"allow":["GET"]}}],"collection":[{"href":"https:\/\/legrenierdelatour.be\/livres\/wp-json\/wp\/v2\/product"}],"about":[{"href":"https:\/\/legrenierdelatour.be\/livres\/wp-json\/wp\/v2\/types\/product"}],"wp:featuredmedia":[{"embeddable":true,"href":"https:\/\/legrenierdelatour.be\/livres\/wp-json\/wp\/v2\/media\/21033"}],"wp:attachment":[{"href":"https:\/\/legrenierdelatour.be\/livres\/wp-json\/wp\/v2\/media?parent=21061"}],"wp:term":[{"taxonomy":"product_cat","embeddable":true,"href":"https:\/\/legrenierdelatour.be\/livres\/wp-json\/wp\/v2\/product_cat?post=21061"},{"taxonomy":"product_tag","embeddable":true,"href":"https:\/\/legrenierdelatour.be\/livres\/wp-json\/wp\/v2\/product_tag?post=21061"}],"curies":[{"name":"wp","href":"https:\/\/api.w.org\/{rel}","templated":true}]}}