{"id":20806,"date":"2024-12-23T21:47:08","date_gmt":"2024-12-23T20:47:08","guid":{"rendered":"https:\/\/legrenierdelatour.be\/livres\/produit\/dem-bim-diederich-seng-erennerungende-velo-ass-mai-liewen-emil-angel\/"},"modified":"2025-12-14T22:10:46","modified_gmt":"2025-12-14T21:10:46","slug":"dem-bim-diederich-seng-erennerungende-velo-ass-mai-liewen-emil-angel","status":"publish","type":"product","link":"https:\/\/legrenierdelatour.be\/livres\/produit\/dem-bim-diederich-seng-erennerungende-velo-ass-mai-liewen-emil-angel\/","title":{"rendered":"dem bim diederich seng er\u00ebnnerungende v\u00eblo ass m\u00e4i liewen"},"content":{"rendered":"","protected":false},"excerpt":{"rendered":"","protected":false},"featured_media":20758,"template":"","meta":{"neve_meta_sidebar":"","neve_meta_container":"","neve_meta_enable_content_width":"","neve_meta_content_width":0,"neve_meta_title_alignment":"","neve_meta_author_avatar":"","neve_post_elements_order":"","neve_meta_disable_header":"","neve_meta_disable_footer":"","neve_meta_disable_title":""},"product_cat":[19,62],"product_tag":[65],"class_list":{"0":"post-20806","1":"product","2":"type-product","3":"status-publish","4":"has-post-thumbnail","6":"product_cat-luxemburgensia","7":"product_cat-sport","8":"product_tag-luxembourgeois","10":"first","11":"instock","12":"shipping-taxable","13":"purchasable","14":"product-type-simple"},"_links":{"self":[{"href":"https:\/\/legrenierdelatour.be\/livres\/wp-json\/wp\/v2\/product\/20806","targetHints":{"allow":["GET"]}}],"collection":[{"href":"https:\/\/legrenierdelatour.be\/livres\/wp-json\/wp\/v2\/product"}],"about":[{"href":"https:\/\/legrenierdelatour.be\/livres\/wp-json\/wp\/v2\/types\/product"}],"wp:featuredmedia":[{"embeddable":true,"href":"https:\/\/legrenierdelatour.be\/livres\/wp-json\/wp\/v2\/media\/20758"}],"wp:attachment":[{"href":"https:\/\/legrenierdelatour.be\/livres\/wp-json\/wp\/v2\/media?parent=20806"}],"wp:term":[{"taxonomy":"product_cat","embeddable":true,"href":"https:\/\/legrenierdelatour.be\/livres\/wp-json\/wp\/v2\/product_cat?post=20806"},{"taxonomy":"product_tag","embeddable":true,"href":"https:\/\/legrenierdelatour.be\/livres\/wp-json\/wp\/v2\/product_tag?post=20806"}],"curies":[{"name":"wp","href":"https:\/\/api.w.org\/{rel}","templated":true}]}}