{"id":20200,"date":"2024-10-29T21:37:44","date_gmt":"2024-10-29T20:37:44","guid":{"rendered":"https:\/\/legrenierdelatour.be\/livres\/produit\/enrole-de-force-deserteur-de-la-wehrmacht-aime-knepper-2\/"},"modified":"2025-12-14T22:10:26","modified_gmt":"2025-12-14T21:10:26","slug":"enrole-de-force-deserteur-de-la-wehrmacht-aime-knepper-2","status":"publish","type":"product","link":"https:\/\/legrenierdelatour.be\/livres\/produit\/enrole-de-force-deserteur-de-la-wehrmacht-aime-knepper-2\/","title":{"rendered":"enr\u00f4l\u00e9 de force d\u00e9serteur de la wehrmacht"},"content":{"rendered":"","protected":false},"excerpt":{"rendered":"","protected":false},"featured_media":20179,"template":"","meta":{"neve_meta_sidebar":"","neve_meta_container":"","neve_meta_enable_content_width":"","neve_meta_content_width":0,"neve_meta_title_alignment":"","neve_meta_author_avatar":"","neve_post_elements_order":"","neve_meta_disable_header":"","neve_meta_disable_footer":"","neve_meta_disable_title":""},"product_cat":[19,33],"product_tag":[67],"class_list":{"0":"post-20200","1":"product","2":"type-product","3":"status-publish","4":"has-post-thumbnail","6":"product_cat-luxemburgensia","7":"product_cat-ww2","8":"product_tag-allemend","10":"first","11":"instock","12":"shipping-taxable","13":"purchasable","14":"product-type-simple"},"_links":{"self":[{"href":"https:\/\/legrenierdelatour.be\/livres\/wp-json\/wp\/v2\/product\/20200","targetHints":{"allow":["GET"]}}],"collection":[{"href":"https:\/\/legrenierdelatour.be\/livres\/wp-json\/wp\/v2\/product"}],"about":[{"href":"https:\/\/legrenierdelatour.be\/livres\/wp-json\/wp\/v2\/types\/product"}],"wp:featuredmedia":[{"embeddable":true,"href":"https:\/\/legrenierdelatour.be\/livres\/wp-json\/wp\/v2\/media\/20179"}],"wp:attachment":[{"href":"https:\/\/legrenierdelatour.be\/livres\/wp-json\/wp\/v2\/media?parent=20200"}],"wp:term":[{"taxonomy":"product_cat","embeddable":true,"href":"https:\/\/legrenierdelatour.be\/livres\/wp-json\/wp\/v2\/product_cat?post=20200"},{"taxonomy":"product_tag","embeddable":true,"href":"https:\/\/legrenierdelatour.be\/livres\/wp-json\/wp\/v2\/product_tag?post=20200"}],"curies":[{"name":"wp","href":"https:\/\/api.w.org\/{rel}","templated":true}]}}