{"id":19880,"date":"2024-09-22T16:49:46","date_gmt":"2024-09-22T14:49:46","guid":{"rendered":"https:\/\/legrenierdelatour.be\/livres\/produit\/histoire-du-duche-de-luxembourg-et-comte-de-chiny-1741-reprint-1997-tome-quatrieme\/"},"modified":"2025-12-14T22:10:16","modified_gmt":"2025-12-14T21:10:16","slug":"histoire-du-duche-de-luxembourg-et-comte-de-chiny-1741-reprint-1997-tome-quatrieme","status":"publish","type":"product","link":"https:\/\/legrenierdelatour.be\/livres\/produit\/histoire-du-duche-de-luxembourg-et-comte-de-chiny-1741-reprint-1997-tome-quatrieme\/","title":{"rendered":"histoire du duch\u00e9 de luxembourg et comt\u00e9 de chiny 1741 (reprint 1997) tome quatri\u00e8me"},"content":{"rendered":"","protected":false},"excerpt":{"rendered":"","protected":false},"featured_media":19840,"template":"","meta":{"neve_meta_sidebar":"","neve_meta_container":"","neve_meta_enable_content_width":"","neve_meta_content_width":0,"neve_meta_title_alignment":"","neve_meta_author_avatar":"","neve_post_elements_order":"","neve_meta_disable_header":"","neve_meta_disable_footer":"","neve_meta_disable_title":""},"product_cat":[21,19,32],"product_tag":[64],"class_list":{"0":"post-19880","1":"product","2":"type-product","3":"status-publish","4":"has-post-thumbnail","6":"product_cat-la-province-de-luxembourg","7":"product_cat-luxemburgensia","8":"product_cat-patrimoine-et-histoire","9":"product_tag-francais","11":"first","12":"instock","13":"shipping-taxable","14":"purchasable","15":"product-type-simple"},"_links":{"self":[{"href":"https:\/\/legrenierdelatour.be\/livres\/wp-json\/wp\/v2\/product\/19880","targetHints":{"allow":["GET"]}}],"collection":[{"href":"https:\/\/legrenierdelatour.be\/livres\/wp-json\/wp\/v2\/product"}],"about":[{"href":"https:\/\/legrenierdelatour.be\/livres\/wp-json\/wp\/v2\/types\/product"}],"wp:featuredmedia":[{"embeddable":true,"href":"https:\/\/legrenierdelatour.be\/livres\/wp-json\/wp\/v2\/media\/19840"}],"wp:attachment":[{"href":"https:\/\/legrenierdelatour.be\/livres\/wp-json\/wp\/v2\/media?parent=19880"}],"wp:term":[{"taxonomy":"product_cat","embeddable":true,"href":"https:\/\/legrenierdelatour.be\/livres\/wp-json\/wp\/v2\/product_cat?post=19880"},{"taxonomy":"product_tag","embeddable":true,"href":"https:\/\/legrenierdelatour.be\/livres\/wp-json\/wp\/v2\/product_tag?post=19880"}],"curies":[{"name":"wp","href":"https:\/\/api.w.org\/{rel}","templated":true}]}}