{"id":19744,"date":"2024-09-07T21:08:35","date_gmt":"2024-09-07T19:08:35","guid":{"rendered":"https:\/\/legrenierdelatour.be\/livres\/produit\/gouvernants-et-gouvernes-face-aux-epidemies-dans-le-luxembourg-au-xviiie-siecle-1990-edouard-m-kayser\/"},"modified":"2025-12-14T22:10:04","modified_gmt":"2025-12-14T21:10:04","slug":"gouvernants-et-gouvernes-face-aux-epidemies-dans-le-luxembourg-au-xviiie-siecle-1990-edouard-m-kayser","status":"publish","type":"product","link":"https:\/\/legrenierdelatour.be\/livres\/produit\/gouvernants-et-gouvernes-face-aux-epidemies-dans-le-luxembourg-au-xviiie-siecle-1990-edouard-m-kayser\/","title":{"rendered":"gouvernants et gouvern\u00e9s face aux \u00e9pid\u00e9mies dans le luxembourg au XVIIIe si\u00e8cle 199"},"content":{"rendered":"","protected":false},"excerpt":{"rendered":"","protected":false},"featured_media":19736,"template":"","meta":{"neve_meta_sidebar":"","neve_meta_container":"","neve_meta_enable_content_width":"","neve_meta_content_width":0,"neve_meta_title_alignment":"","neve_meta_author_avatar":"","neve_post_elements_order":"","neve_meta_disable_header":"","neve_meta_disable_footer":"","neve_meta_disable_title":""},"product_cat":[21,32],"product_tag":[64],"class_list":{"0":"post-19744","1":"product","2":"type-product","3":"status-publish","4":"has-post-thumbnail","6":"product_cat-la-province-de-luxembourg","7":"product_cat-patrimoine-et-histoire","8":"product_tag-francais","10":"first","11":"instock","12":"shipping-taxable","13":"purchasable","14":"product-type-simple"},"_links":{"self":[{"href":"https:\/\/legrenierdelatour.be\/livres\/wp-json\/wp\/v2\/product\/19744","targetHints":{"allow":["GET"]}}],"collection":[{"href":"https:\/\/legrenierdelatour.be\/livres\/wp-json\/wp\/v2\/product"}],"about":[{"href":"https:\/\/legrenierdelatour.be\/livres\/wp-json\/wp\/v2\/types\/product"}],"wp:featuredmedia":[{"embeddable":true,"href":"https:\/\/legrenierdelatour.be\/livres\/wp-json\/wp\/v2\/media\/19736"}],"wp:attachment":[{"href":"https:\/\/legrenierdelatour.be\/livres\/wp-json\/wp\/v2\/media?parent=19744"}],"wp:term":[{"taxonomy":"product_cat","embeddable":true,"href":"https:\/\/legrenierdelatour.be\/livres\/wp-json\/wp\/v2\/product_cat?post=19744"},{"taxonomy":"product_tag","embeddable":true,"href":"https:\/\/legrenierdelatour.be\/livres\/wp-json\/wp\/v2\/product_tag?post=19744"}],"curies":[{"name":"wp","href":"https:\/\/api.w.org\/{rel}","templated":true}]}}