{"id":19390,"date":"2024-08-26T20:49:08","date_gmt":"2024-08-26T18:49:08","guid":{"rendered":"https:\/\/legrenierdelatour.be\/livres\/produit\/maitrise-sainte-cecile-de-la-cathedrale-notre-dame-luxemboiurg-125e-anniversaire-1844-1969\/"},"modified":"2025-12-14T22:09:56","modified_gmt":"2025-12-14T21:09:56","slug":"maitrise-sainte-cecile-de-la-cathedrale-notre-dame-luxemboiurg-125e-anniversaire-1844-1969","status":"publish","type":"product","link":"https:\/\/legrenierdelatour.be\/livres\/produit\/maitrise-sainte-cecile-de-la-cathedrale-notre-dame-luxemboiurg-125e-anniversaire-1844-1969\/","title":{"rendered":"ma\u00eetrise sainte-c\u00e9cile de la cath\u00e9drale notre-dame luxemboiurg 125e anniversaire 1844-1969"},"content":{"rendered":"","protected":false},"excerpt":{"rendered":"","protected":false},"featured_media":19358,"template":"","meta":{"neve_meta_sidebar":"","neve_meta_container":"","neve_meta_enable_content_width":"","neve_meta_content_width":0,"neve_meta_title_alignment":"","neve_meta_author_avatar":"","neve_post_elements_order":"","neve_meta_disable_header":"","neve_meta_disable_footer":"","neve_meta_disable_title":""},"product_cat":[19,32],"product_tag":[64],"class_list":{"0":"post-19390","1":"product","2":"type-product","3":"status-publish","4":"has-post-thumbnail","6":"product_cat-luxemburgensia","7":"product_cat-patrimoine-et-histoire","8":"product_tag-francais","10":"first","11":"instock","12":"shipping-taxable","13":"purchasable","14":"product-type-simple"},"_links":{"self":[{"href":"https:\/\/legrenierdelatour.be\/livres\/wp-json\/wp\/v2\/product\/19390","targetHints":{"allow":["GET"]}}],"collection":[{"href":"https:\/\/legrenierdelatour.be\/livres\/wp-json\/wp\/v2\/product"}],"about":[{"href":"https:\/\/legrenierdelatour.be\/livres\/wp-json\/wp\/v2\/types\/product"}],"wp:featuredmedia":[{"embeddable":true,"href":"https:\/\/legrenierdelatour.be\/livres\/wp-json\/wp\/v2\/media\/19358"}],"wp:attachment":[{"href":"https:\/\/legrenierdelatour.be\/livres\/wp-json\/wp\/v2\/media?parent=19390"}],"wp:term":[{"taxonomy":"product_cat","embeddable":true,"href":"https:\/\/legrenierdelatour.be\/livres\/wp-json\/wp\/v2\/product_cat?post=19390"},{"taxonomy":"product_tag","embeddable":true,"href":"https:\/\/legrenierdelatour.be\/livres\/wp-json\/wp\/v2\/product_tag?post=19390"}],"curies":[{"name":"wp","href":"https:\/\/api.w.org\/{rel}","templated":true}]}}