{"id":18751,"date":"2024-07-14T14:28:33","date_gmt":"2024-07-14T12:28:33","guid":{"rendered":"https:\/\/legrenierdelatour.be\/livres\/produit\/la-sculpture-sur-pierre-de-lancien-diocese-de-liege-a-lepoque-romane-1957-lisbeth-tollenare\/"},"modified":"2025-12-14T22:09:38","modified_gmt":"2025-12-14T21:09:38","slug":"la-sculpture-sur-pierre-de-lancien-diocese-de-liege-a-lepoque-romane-1957-lisbeth-tollenare","status":"publish","type":"product","link":"https:\/\/legrenierdelatour.be\/livres\/produit\/la-sculpture-sur-pierre-de-lancien-diocese-de-liege-a-lepoque-romane-1957-lisbeth-tollenare\/","title":{"rendered":"la sculpture sur pierre de l\u2019ancien dioc\u00e8se de li\u00e8ge \u00e0 l\u2019\u00e9poque romane 1957"},"content":{"rendered":"","protected":false},"excerpt":{"rendered":"","protected":false},"featured_media":18728,"template":"","meta":{"neve_meta_sidebar":"","neve_meta_container":"","neve_meta_enable_content_width":"","neve_meta_content_width":0,"neve_meta_title_alignment":"","neve_meta_author_avatar":"","neve_post_elements_order":"","neve_meta_disable_header":"","neve_meta_disable_footer":"","neve_meta_disable_title":""},"product_cat":[38,32],"product_tag":[64],"class_list":{"0":"post-18751","1":"product","2":"type-product","3":"status-publish","4":"has-post-thumbnail","6":"product_cat-liege","7":"product_cat-patrimoine-et-histoire","8":"product_tag-francais","10":"first","11":"instock","12":"shipping-taxable","13":"purchasable","14":"product-type-simple"},"_links":{"self":[{"href":"https:\/\/legrenierdelatour.be\/livres\/wp-json\/wp\/v2\/product\/18751","targetHints":{"allow":["GET"]}}],"collection":[{"href":"https:\/\/legrenierdelatour.be\/livres\/wp-json\/wp\/v2\/product"}],"about":[{"href":"https:\/\/legrenierdelatour.be\/livres\/wp-json\/wp\/v2\/types\/product"}],"wp:featuredmedia":[{"embeddable":true,"href":"https:\/\/legrenierdelatour.be\/livres\/wp-json\/wp\/v2\/media\/18728"}],"wp:attachment":[{"href":"https:\/\/legrenierdelatour.be\/livres\/wp-json\/wp\/v2\/media?parent=18751"}],"wp:term":[{"taxonomy":"product_cat","embeddable":true,"href":"https:\/\/legrenierdelatour.be\/livres\/wp-json\/wp\/v2\/product_cat?post=18751"},{"taxonomy":"product_tag","embeddable":true,"href":"https:\/\/legrenierdelatour.be\/livres\/wp-json\/wp\/v2\/product_tag?post=18751"}],"curies":[{"name":"wp","href":"https:\/\/api.w.org\/{rel}","templated":true}]}}