{"id":18495,"date":"2024-06-18T22:31:19","date_gmt":"2024-06-18T20:31:19","guid":{"rendered":"https:\/\/legrenierdelatour.be\/livres\/produit\/hygienische-kuche-fur-vollkraftige-nahrung-mit-eingeschrankter-fleischkost-1913-n-neuens\/"},"modified":"2025-12-14T22:09:30","modified_gmt":"2025-12-14T21:09:30","slug":"hygienische-kuche-fur-vollkraftige-nahrung-mit-eingeschrankter-fleischkost-1913-n-neuens","status":"publish","type":"product","link":"https:\/\/legrenierdelatour.be\/livres\/produit\/hygienische-kuche-fur-vollkraftige-nahrung-mit-eingeschrankter-fleischkost-1913-n-neuens\/","title":{"rendered":"hygienische k\u00fcche f\u00fcr vollkr\u00e4ftige n\u00e4hrung mit eingeschr\u00e4nkter fleischkost 1913"},"content":{"rendered":"","protected":false},"excerpt":{"rendered":"","protected":false},"featured_media":18449,"template":"","meta":{"neve_meta_sidebar":"","neve_meta_container":"","neve_meta_enable_content_width":"","neve_meta_content_width":0,"neve_meta_title_alignment":"","neve_meta_author_avatar":"","neve_post_elements_order":"","neve_meta_disable_header":"","neve_meta_disable_footer":"","neve_meta_disable_title":""},"product_cat":[19,41],"product_tag":[67],"class_list":{"0":"post-18495","1":"product","2":"type-product","3":"status-publish","4":"has-post-thumbnail","6":"product_cat-luxemburgensia","7":"product_cat-divers","8":"product_tag-allemend","10":"first","11":"instock","12":"shipping-taxable","13":"purchasable","14":"product-type-simple"},"_links":{"self":[{"href":"https:\/\/legrenierdelatour.be\/livres\/wp-json\/wp\/v2\/product\/18495","targetHints":{"allow":["GET"]}}],"collection":[{"href":"https:\/\/legrenierdelatour.be\/livres\/wp-json\/wp\/v2\/product"}],"about":[{"href":"https:\/\/legrenierdelatour.be\/livres\/wp-json\/wp\/v2\/types\/product"}],"wp:featuredmedia":[{"embeddable":true,"href":"https:\/\/legrenierdelatour.be\/livres\/wp-json\/wp\/v2\/media\/18449"}],"wp:attachment":[{"href":"https:\/\/legrenierdelatour.be\/livres\/wp-json\/wp\/v2\/media?parent=18495"}],"wp:term":[{"taxonomy":"product_cat","embeddable":true,"href":"https:\/\/legrenierdelatour.be\/livres\/wp-json\/wp\/v2\/product_cat?post=18495"},{"taxonomy":"product_tag","embeddable":true,"href":"https:\/\/legrenierdelatour.be\/livres\/wp-json\/wp\/v2\/product_tag?post=18495"}],"curies":[{"name":"wp","href":"https:\/\/api.w.org\/{rel}","templated":true}]}}