{"id":18343,"date":"2024-06-16T21:11:12","date_gmt":"2024-06-16T19:11:12","guid":{"rendered":"https:\/\/legrenierdelatour.be\/livres\/produit\/katechismus-der-romisch-kathilischen-religion-zunachst-fur-das-apostolische-vikariat-luxemburg1847-johannes-theodor-laurent\/"},"modified":"2025-12-14T22:09:26","modified_gmt":"2025-12-14T21:09:26","slug":"katechismus-der-romisch-kathilischen-religion-zunachst-fur-das-apostolische-vikariat-luxemburg1847-johannes-theodor-laurent","status":"publish","type":"product","link":"https:\/\/legrenierdelatour.be\/livres\/produit\/katechismus-der-romisch-kathilischen-religion-zunachst-fur-das-apostolische-vikariat-luxemburg1847-johannes-theodor-laurent\/","title":{"rendered":"katechismus der r\u00f6misch-kathilischen religion zun\u00e4chst f\u00fcr das apostolische vikariat luxemburg1847"},"content":{"rendered":"","protected":false},"excerpt":{"rendered":"","protected":false},"featured_media":18263,"template":"","meta":{"neve_meta_sidebar":"","neve_meta_container":"","neve_meta_enable_content_width":"","neve_meta_content_width":0,"neve_meta_title_alignment":"","neve_meta_author_avatar":"","neve_post_elements_order":"","neve_meta_disable_header":"","neve_meta_disable_footer":"","neve_meta_disable_title":""},"product_cat":[19,77,57],"product_tag":[67],"class_list":{"0":"post-18343","1":"product","2":"type-product","3":"status-publish","4":"has-post-thumbnail","6":"product_cat-luxemburgensia","7":"product_cat-scolaires","8":"product_cat-livres-anciens-avant-1900","9":"product_tag-allemend","11":"first","12":"instock","13":"shipping-taxable","14":"purchasable","15":"product-type-simple"},"_links":{"self":[{"href":"https:\/\/legrenierdelatour.be\/livres\/wp-json\/wp\/v2\/product\/18343","targetHints":{"allow":["GET"]}}],"collection":[{"href":"https:\/\/legrenierdelatour.be\/livres\/wp-json\/wp\/v2\/product"}],"about":[{"href":"https:\/\/legrenierdelatour.be\/livres\/wp-json\/wp\/v2\/types\/product"}],"wp:featuredmedia":[{"embeddable":true,"href":"https:\/\/legrenierdelatour.be\/livres\/wp-json\/wp\/v2\/media\/18263"}],"wp:attachment":[{"href":"https:\/\/legrenierdelatour.be\/livres\/wp-json\/wp\/v2\/media?parent=18343"}],"wp:term":[{"taxonomy":"product_cat","embeddable":true,"href":"https:\/\/legrenierdelatour.be\/livres\/wp-json\/wp\/v2\/product_cat?post=18343"},{"taxonomy":"product_tag","embeddable":true,"href":"https:\/\/legrenierdelatour.be\/livres\/wp-json\/wp\/v2\/product_tag?post=18343"}],"curies":[{"name":"wp","href":"https:\/\/api.w.org\/{rel}","templated":true}]}}