{"id":17701,"date":"2024-04-27T18:24:37","date_gmt":"2024-04-27T16:24:37","guid":{"rendered":"https:\/\/legrenierdelatour.be\/livres\/produit\/dkerfegsblom-zweten-del-zwete-band-1927-adolf-berens\/"},"modified":"2025-12-14T22:09:09","modified_gmt":"2025-12-14T21:09:09","slug":"dkerfegsblom-zweten-del-zwete-band-1927-adolf-berens","status":"publish","type":"product","link":"https:\/\/legrenierdelatour.be\/livres\/produit\/dkerfegsblom-zweten-del-zwete-band-1927-adolf-berens\/","title":{"rendered":"d\u2019kerfegsblo\u2019m zw\u00eaten d\u00eal: zw\u00eate band 1927"},"content":{"rendered":"","protected":false},"excerpt":{"rendered":"","protected":false},"featured_media":17679,"template":"","meta":{"neve_meta_sidebar":"","neve_meta_container":"","neve_meta_enable_content_width":"","neve_meta_content_width":0,"neve_meta_title_alignment":"","neve_meta_author_avatar":"","neve_post_elements_order":"","neve_meta_disable_header":"","neve_meta_disable_footer":"","neve_meta_disable_title":""},"product_cat":[19,24],"product_tag":[],"class_list":{"0":"post-17701","1":"product","2":"type-product","3":"status-publish","4":"has-post-thumbnail","6":"product_cat-luxemburgensia","7":"product_cat-fiction","9":"first","10":"instock","11":"shipping-taxable","12":"purchasable","13":"product-type-simple"},"_links":{"self":[{"href":"https:\/\/legrenierdelatour.be\/livres\/wp-json\/wp\/v2\/product\/17701","targetHints":{"allow":["GET"]}}],"collection":[{"href":"https:\/\/legrenierdelatour.be\/livres\/wp-json\/wp\/v2\/product"}],"about":[{"href":"https:\/\/legrenierdelatour.be\/livres\/wp-json\/wp\/v2\/types\/product"}],"wp:featuredmedia":[{"embeddable":true,"href":"https:\/\/legrenierdelatour.be\/livres\/wp-json\/wp\/v2\/media\/17679"}],"wp:attachment":[{"href":"https:\/\/legrenierdelatour.be\/livres\/wp-json\/wp\/v2\/media?parent=17701"}],"wp:term":[{"taxonomy":"product_cat","embeddable":true,"href":"https:\/\/legrenierdelatour.be\/livres\/wp-json\/wp\/v2\/product_cat?post=17701"},{"taxonomy":"product_tag","embeddable":true,"href":"https:\/\/legrenierdelatour.be\/livres\/wp-json\/wp\/v2\/product_tag?post=17701"}],"curies":[{"name":"wp","href":"https:\/\/api.w.org\/{rel}","templated":true}]}}