{"id":17526,"date":"2024-04-11T21:19:26","date_gmt":"2024-04-11T19:19:26","guid":{"rendered":"https:\/\/legrenierdelatour.be\/livres\/produit\/un-siecle-de-decouvertes-archeologiques-dans-lentite-de-beloeil\/"},"modified":"2025-12-14T22:09:03","modified_gmt":"2025-12-14T21:09:03","slug":"un-siecle-de-decouvertes-archeologiques-dans-lentite-de-beloeil","status":"publish","type":"product","link":"https:\/\/legrenierdelatour.be\/livres\/produit\/un-siecle-de-decouvertes-archeologiques-dans-lentite-de-beloeil\/","title":{"rendered":"un si\u00e8cle de d\u00e9couvertes arch\u00e9ologiques dans l\u2019entit\u00e9 de beloeil"},"content":{"rendered":"","protected":false},"excerpt":{"rendered":"","protected":false},"featured_media":17492,"template":"","meta":{"neve_meta_sidebar":"","neve_meta_container":"","neve_meta_enable_content_width":"","neve_meta_content_width":0,"neve_meta_title_alignment":"","neve_meta_author_avatar":"","neve_post_elements_order":"","neve_meta_disable_header":"","neve_meta_disable_footer":"","neve_meta_disable_title":""},"product_cat":[74,54],"product_tag":[64],"class_list":{"0":"post-17526","1":"product","2":"type-product","3":"status-publish","4":"has-post-thumbnail","6":"product_cat-hainaut","7":"product_cat-archeologie","8":"product_tag-francais","10":"first","11":"instock","12":"shipping-taxable","13":"purchasable","14":"product-type-simple"},"_links":{"self":[{"href":"https:\/\/legrenierdelatour.be\/livres\/wp-json\/wp\/v2\/product\/17526","targetHints":{"allow":["GET"]}}],"collection":[{"href":"https:\/\/legrenierdelatour.be\/livres\/wp-json\/wp\/v2\/product"}],"about":[{"href":"https:\/\/legrenierdelatour.be\/livres\/wp-json\/wp\/v2\/types\/product"}],"wp:featuredmedia":[{"embeddable":true,"href":"https:\/\/legrenierdelatour.be\/livres\/wp-json\/wp\/v2\/media\/17492"}],"wp:attachment":[{"href":"https:\/\/legrenierdelatour.be\/livres\/wp-json\/wp\/v2\/media?parent=17526"}],"wp:term":[{"taxonomy":"product_cat","embeddable":true,"href":"https:\/\/legrenierdelatour.be\/livres\/wp-json\/wp\/v2\/product_cat?post=17526"},{"taxonomy":"product_tag","embeddable":true,"href":"https:\/\/legrenierdelatour.be\/livres\/wp-json\/wp\/v2\/product_tag?post=17526"}],"curies":[{"name":"wp","href":"https:\/\/api.w.org\/{rel}","templated":true}]}}