{"id":15815,"date":"2024-02-17T20:42:40","date_gmt":"2024-02-17T19:42:40","guid":{"rendered":"https:\/\/legrenierdelatour.be\/livres\/produit\/faiences-fines-de-septfontaines-decors-floraux-de-1767-au-debut-du-20e-siecle-2\/"},"modified":"2025-12-14T22:08:08","modified_gmt":"2025-12-14T21:08:08","slug":"faiences-fines-de-septfontaines-decors-floraux-de-1767-au-debut-du-20e-siecle-2","status":"publish","type":"product","link":"https:\/\/legrenierdelatour.be\/livres\/produit\/faiences-fines-de-septfontaines-decors-floraux-de-1767-au-debut-du-20e-siecle-2\/","title":{"rendered":"fa\u00efences fines de septfontaines d\u00e9cors floraux de 1767 au d\u00e9but du 20e siecle"},"content":{"rendered":"","protected":false},"excerpt":{"rendered":"","protected":false},"featured_media":15813,"template":"","meta":{"neve_meta_sidebar":"","neve_meta_container":"","neve_meta_enable_content_width":"","neve_meta_content_width":0,"neve_meta_title_alignment":"","neve_meta_author_avatar":"","neve_post_elements_order":"","neve_meta_disable_header":"","neve_meta_disable_footer":"","neve_meta_disable_title":""},"product_cat":[19,36],"product_tag":[64],"class_list":{"0":"post-15815","1":"product","2":"type-product","3":"status-publish","4":"has-post-thumbnail","6":"product_cat-luxemburgensia","7":"product_cat-beaux-arts","8":"product_tag-francais","10":"first","11":"instock","12":"shipping-taxable","13":"purchasable","14":"product-type-simple"},"_links":{"self":[{"href":"https:\/\/legrenierdelatour.be\/livres\/wp-json\/wp\/v2\/product\/15815","targetHints":{"allow":["GET"]}}],"collection":[{"href":"https:\/\/legrenierdelatour.be\/livres\/wp-json\/wp\/v2\/product"}],"about":[{"href":"https:\/\/legrenierdelatour.be\/livres\/wp-json\/wp\/v2\/types\/product"}],"wp:featuredmedia":[{"embeddable":true,"href":"https:\/\/legrenierdelatour.be\/livres\/wp-json\/wp\/v2\/media\/15813"}],"wp:attachment":[{"href":"https:\/\/legrenierdelatour.be\/livres\/wp-json\/wp\/v2\/media?parent=15815"}],"wp:term":[{"taxonomy":"product_cat","embeddable":true,"href":"https:\/\/legrenierdelatour.be\/livres\/wp-json\/wp\/v2\/product_cat?post=15815"},{"taxonomy":"product_tag","embeddable":true,"href":"https:\/\/legrenierdelatour.be\/livres\/wp-json\/wp\/v2\/product_tag?post=15815"}],"curies":[{"name":"wp","href":"https:\/\/api.w.org\/{rel}","templated":true}]}}