{"id":14742,"date":"2024-01-21T10:31:33","date_gmt":"2024-01-21T09:31:33","guid":{"rendered":"https:\/\/legrenierdelatour.be\/livres\/produit\/almanach-de-la-societe-generale-des-etudiants-catholiques-gand-1909\/"},"modified":"2025-12-14T22:07:34","modified_gmt":"2025-12-14T21:07:34","slug":"almanach-de-la-societe-generale-des-etudiants-catholiques-gand-1909","status":"publish","type":"product","link":"https:\/\/legrenierdelatour.be\/livres\/produit\/almanach-de-la-societe-generale-des-etudiants-catholiques-gand-1909\/","title":{"rendered":"almanach de la soci\u00e9t\u00e9 g\u00e9n\u00e9rale des \u00e9tudiants catholiques gand 1909"},"content":{"rendered":"","protected":false},"excerpt":{"rendered":"","protected":false},"featured_media":14732,"template":"","meta":{"neve_meta_sidebar":"","neve_meta_container":"","neve_meta_enable_content_width":"","neve_meta_content_width":0,"neve_meta_title_alignment":"","neve_meta_author_avatar":"","neve_post_elements_order":"","neve_meta_disable_header":"","neve_meta_disable_footer":"","neve_meta_disable_title":""},"product_cat":[22,32,57],"product_tag":[64],"class_list":{"0":"post-14742","1":"product","2":"type-product","3":"status-publish","4":"has-post-thumbnail","6":"product_cat-autres-regions","7":"product_cat-patrimoine-et-histoire","8":"product_cat-livres-anciens-avant-1900","9":"product_tag-francais","11":"first","12":"instock","13":"shipping-taxable","14":"purchasable","15":"product-type-simple"},"_links":{"self":[{"href":"https:\/\/legrenierdelatour.be\/livres\/wp-json\/wp\/v2\/product\/14742","targetHints":{"allow":["GET"]}}],"collection":[{"href":"https:\/\/legrenierdelatour.be\/livres\/wp-json\/wp\/v2\/product"}],"about":[{"href":"https:\/\/legrenierdelatour.be\/livres\/wp-json\/wp\/v2\/types\/product"}],"wp:featuredmedia":[{"embeddable":true,"href":"https:\/\/legrenierdelatour.be\/livres\/wp-json\/wp\/v2\/media\/14732"}],"wp:attachment":[{"href":"https:\/\/legrenierdelatour.be\/livres\/wp-json\/wp\/v2\/media?parent=14742"}],"wp:term":[{"taxonomy":"product_cat","embeddable":true,"href":"https:\/\/legrenierdelatour.be\/livres\/wp-json\/wp\/v2\/product_cat?post=14742"},{"taxonomy":"product_tag","embeddable":true,"href":"https:\/\/legrenierdelatour.be\/livres\/wp-json\/wp\/v2\/product_tag?post=14742"}],"curies":[{"name":"wp","href":"https:\/\/api.w.org\/{rel}","templated":true}]}}