{"id":14027,"date":"2023-10-22T22:51:54","date_gmt":"2023-10-22T20:51:54","guid":{"rendered":"https:\/\/legrenierdelatour.be\/livres\/produit\/federation-archeologique-et-historique-de-belgique-annales-du-xxxiiie-congres-tournai-1949-tome-1\/"},"modified":"2025-12-14T22:07:12","modified_gmt":"2025-12-14T21:07:12","slug":"federation-archeologique-et-historique-de-belgique-annales-du-xxxiiie-congres-tournai-1949-tome-1","status":"publish","type":"product","link":"https:\/\/legrenierdelatour.be\/livres\/produit\/federation-archeologique-et-historique-de-belgique-annales-du-xxxiiie-congres-tournai-1949-tome-1\/","title":{"rendered":"f\u00e9d\u00e9ration arch\u00e9ologique et historique de belgique annales du XXXIIIe congr\u00e9s tournai 1949 tome 1"},"content":{"rendered":"","protected":false},"excerpt":{"rendered":"","protected":false},"featured_media":13997,"template":"","meta":{"neve_meta_sidebar":"","neve_meta_container":"","neve_meta_enable_content_width":"","neve_meta_content_width":0,"neve_meta_title_alignment":"","neve_meta_author_avatar":"","neve_post_elements_order":"","neve_meta_disable_header":"","neve_meta_disable_footer":"","neve_meta_disable_title":""},"product_cat":[22,54],"product_tag":[64],"class_list":{"0":"post-14027","1":"product","2":"type-product","3":"status-publish","4":"has-post-thumbnail","6":"product_cat-autres-regions","7":"product_cat-archeologie","8":"product_tag-francais","10":"first","11":"instock","12":"shipping-taxable","13":"purchasable","14":"product-type-simple"},"_links":{"self":[{"href":"https:\/\/legrenierdelatour.be\/livres\/wp-json\/wp\/v2\/product\/14027","targetHints":{"allow":["GET"]}}],"collection":[{"href":"https:\/\/legrenierdelatour.be\/livres\/wp-json\/wp\/v2\/product"}],"about":[{"href":"https:\/\/legrenierdelatour.be\/livres\/wp-json\/wp\/v2\/types\/product"}],"wp:featuredmedia":[{"embeddable":true,"href":"https:\/\/legrenierdelatour.be\/livres\/wp-json\/wp\/v2\/media\/13997"}],"wp:attachment":[{"href":"https:\/\/legrenierdelatour.be\/livres\/wp-json\/wp\/v2\/media?parent=14027"}],"wp:term":[{"taxonomy":"product_cat","embeddable":true,"href":"https:\/\/legrenierdelatour.be\/livres\/wp-json\/wp\/v2\/product_cat?post=14027"},{"taxonomy":"product_tag","embeddable":true,"href":"https:\/\/legrenierdelatour.be\/livres\/wp-json\/wp\/v2\/product_tag?post=14027"}],"curies":[{"name":"wp","href":"https:\/\/api.w.org\/{rel}","templated":true}]}}