{"id":13843,"date":"2023-09-17T18:32:37","date_gmt":"2023-09-17T16:32:37","guid":{"rendered":"https:\/\/legrenierdelatour.be\/livres\/produit\/la-necropole-de-saint-victor-a-huy-ve-viie-siecle-tome-xxi-1989-1990\/"},"modified":"2025-12-14T22:07:06","modified_gmt":"2025-12-14T21:07:06","slug":"la-necropole-de-saint-victor-a-huy-ve-viie-siecle-tome-xxi-1989-1990","status":"publish","type":"product","link":"https:\/\/legrenierdelatour.be\/livres\/produit\/la-necropole-de-saint-victor-a-huy-ve-viie-siecle-tome-xxi-1989-1990\/","title":{"rendered":"la n\u00e9cropole de saint-victor \u00e0 huy (Ve-VIIe si\u00e8cle) tome XXI 1989-1990"},"content":{"rendered":"","protected":false},"excerpt":{"rendered":"","protected":false},"featured_media":13791,"template":"","meta":{"neve_meta_sidebar":"","neve_meta_container":"","neve_meta_enable_content_width":"","neve_meta_content_width":0,"neve_meta_title_alignment":"","neve_meta_author_avatar":"","neve_post_elements_order":"","neve_meta_disable_header":"","neve_meta_disable_footer":"","neve_meta_disable_title":""},"product_cat":[38,54],"product_tag":[64],"class_list":{"0":"post-13843","1":"product","2":"type-product","3":"status-publish","4":"has-post-thumbnail","6":"product_cat-liege","7":"product_cat-archeologie","8":"product_tag-francais","10":"first","11":"instock","12":"shipping-taxable","13":"purchasable","14":"product-type-simple"},"_links":{"self":[{"href":"https:\/\/legrenierdelatour.be\/livres\/wp-json\/wp\/v2\/product\/13843","targetHints":{"allow":["GET"]}}],"collection":[{"href":"https:\/\/legrenierdelatour.be\/livres\/wp-json\/wp\/v2\/product"}],"about":[{"href":"https:\/\/legrenierdelatour.be\/livres\/wp-json\/wp\/v2\/types\/product"}],"wp:featuredmedia":[{"embeddable":true,"href":"https:\/\/legrenierdelatour.be\/livres\/wp-json\/wp\/v2\/media\/13791"}],"wp:attachment":[{"href":"https:\/\/legrenierdelatour.be\/livres\/wp-json\/wp\/v2\/media?parent=13843"}],"wp:term":[{"taxonomy":"product_cat","embeddable":true,"href":"https:\/\/legrenierdelatour.be\/livres\/wp-json\/wp\/v2\/product_cat?post=13843"},{"taxonomy":"product_tag","embeddable":true,"href":"https:\/\/legrenierdelatour.be\/livres\/wp-json\/wp\/v2\/product_tag?post=13843"}],"curies":[{"name":"wp","href":"https:\/\/api.w.org\/{rel}","templated":true}]}}