{"id":13636,"date":"2023-08-27T20:50:18","date_gmt":"2023-08-27T18:50:18","guid":{"rendered":"https:\/\/legrenierdelatour.be\/livres\/?post_type=product&#038;p=13636"},"modified":"2025-12-14T22:07:03","modified_gmt":"2025-12-14T21:07:03","slug":"fibules-romaines-decouvertes-a-saint-mard-de-1965-a-1972-anne-cahen-delhaye","status":"publish","type":"product","link":"https:\/\/legrenierdelatour.be\/livres\/produit\/fibules-romaines-decouvertes-a-saint-mard-de-1965-a-1972-anne-cahen-delhaye\/","title":{"rendered":"fibules romaines d\u00e9couvertes \u00e0 saint-mard de 1965 \u00e0 1972"},"content":{"rendered":"","protected":false},"excerpt":{"rendered":"","protected":false},"featured_media":13616,"template":"","meta":{"neve_meta_sidebar":"","neve_meta_container":"","neve_meta_enable_content_width":"","neve_meta_content_width":0,"neve_meta_title_alignment":"","neve_meta_author_avatar":"","neve_post_elements_order":"","neve_meta_disable_header":"","neve_meta_disable_footer":"","neve_meta_disable_title":""},"product_cat":[21,54],"product_tag":[64],"class_list":{"0":"post-13636","1":"product","2":"type-product","3":"status-publish","4":"has-post-thumbnail","6":"product_cat-la-province-de-luxembourg","7":"product_cat-archeologie","8":"product_tag-francais","10":"first","11":"instock","12":"shipping-taxable","13":"purchasable","14":"product-type-simple"},"_links":{"self":[{"href":"https:\/\/legrenierdelatour.be\/livres\/wp-json\/wp\/v2\/product\/13636","targetHints":{"allow":["GET"]}}],"collection":[{"href":"https:\/\/legrenierdelatour.be\/livres\/wp-json\/wp\/v2\/product"}],"about":[{"href":"https:\/\/legrenierdelatour.be\/livres\/wp-json\/wp\/v2\/types\/product"}],"wp:featuredmedia":[{"embeddable":true,"href":"https:\/\/legrenierdelatour.be\/livres\/wp-json\/wp\/v2\/media\/13616"}],"wp:attachment":[{"href":"https:\/\/legrenierdelatour.be\/livres\/wp-json\/wp\/v2\/media?parent=13636"}],"wp:term":[{"taxonomy":"product_cat","embeddable":true,"href":"https:\/\/legrenierdelatour.be\/livres\/wp-json\/wp\/v2\/product_cat?post=13636"},{"taxonomy":"product_tag","embeddable":true,"href":"https:\/\/legrenierdelatour.be\/livres\/wp-json\/wp\/v2\/product_tag?post=13636"}],"curies":[{"name":"wp","href":"https:\/\/api.w.org\/{rel}","templated":true}]}}