{"id":13229,"date":"2023-08-01T22:18:01","date_gmt":"2023-08-01T20:18:01","guid":{"rendered":"https:\/\/legrenierdelatour.be\/livres\/?post_type=product&#038;p=13229"},"modified":"2025-12-14T22:06:53","modified_gmt":"2025-12-14T21:06:53","slug":"lese-und-ubungsbuch-fur-die-madchen-fortbildungsschulen-des-luxemburger-landes-1906","status":"publish","type":"product","link":"https:\/\/legrenierdelatour.be\/livres\/produit\/lese-und-ubungsbuch-fur-die-madchen-fortbildungsschulen-des-luxemburger-landes-1906\/","title":{"rendered":"lese-und \u00fcbungsbuch f\u00fcr die m\u00e4dchen-fortbildungsschulen des luxemburger landes 1906"},"content":{"rendered":"","protected":false},"excerpt":{"rendered":"","protected":false},"featured_media":13202,"template":"","meta":{"neve_meta_sidebar":"","neve_meta_container":"","neve_meta_enable_content_width":"","neve_meta_content_width":0,"neve_meta_title_alignment":"","neve_meta_author_avatar":"","neve_post_elements_order":"","neve_meta_disable_header":"","neve_meta_disable_footer":"","neve_meta_disable_title":""},"product_cat":[19,77],"product_tag":[67],"class_list":{"0":"post-13229","1":"product","2":"type-product","3":"status-publish","4":"has-post-thumbnail","6":"product_cat-luxemburgensia","7":"product_cat-scolaires","8":"product_tag-allemend","10":"first","11":"instock","12":"shipping-taxable","13":"purchasable","14":"product-type-simple"},"_links":{"self":[{"href":"https:\/\/legrenierdelatour.be\/livres\/wp-json\/wp\/v2\/product\/13229","targetHints":{"allow":["GET"]}}],"collection":[{"href":"https:\/\/legrenierdelatour.be\/livres\/wp-json\/wp\/v2\/product"}],"about":[{"href":"https:\/\/legrenierdelatour.be\/livres\/wp-json\/wp\/v2\/types\/product"}],"wp:featuredmedia":[{"embeddable":true,"href":"https:\/\/legrenierdelatour.be\/livres\/wp-json\/wp\/v2\/media\/13202"}],"wp:attachment":[{"href":"https:\/\/legrenierdelatour.be\/livres\/wp-json\/wp\/v2\/media?parent=13229"}],"wp:term":[{"taxonomy":"product_cat","embeddable":true,"href":"https:\/\/legrenierdelatour.be\/livres\/wp-json\/wp\/v2\/product_cat?post=13229"},{"taxonomy":"product_tag","embeddable":true,"href":"https:\/\/legrenierdelatour.be\/livres\/wp-json\/wp\/v2\/product_tag?post=13229"}],"curies":[{"name":"wp","href":"https:\/\/api.w.org\/{rel}","templated":true}]}}