{"id":12040,"date":"2023-06-15T14:23:12","date_gmt":"2023-06-15T12:23:12","guid":{"rendered":"https:\/\/legrenierdelatour.be\/livres\/?post_type=product&#038;p=12040"},"modified":"2025-12-14T22:06:21","modified_gmt":"2025-12-14T21:06:21","slug":"verpont-verschmaht-vergottert-70-jahre-eupener-fussballgeschichte-erich-heeren-raymond-heeren","status":"publish","type":"product","link":"https:\/\/legrenierdelatour.be\/livres\/produit\/verpont-verschmaht-vergottert-70-jahre-eupener-fussballgeschichte-erich-heeren-raymond-heeren\/","title":{"rendered":"verp\u00f6nt verschm\u00e4ht verg\u00f6ttert 70 jahre eupener fussballgeschichte"},"content":{"rendered":"","protected":false},"excerpt":{"rendered":"","protected":false},"featured_media":12036,"template":"","meta":{"neve_meta_sidebar":"","neve_meta_container":"","neve_meta_enable_content_width":"off","neve_meta_content_width":100,"neve_meta_title_alignment":"","neve_meta_author_avatar":"","neve_post_elements_order":"","neve_meta_disable_header":"","neve_meta_disable_footer":"","neve_meta_disable_title":""},"product_cat":[60,32],"product_tag":[64],"class_list":{"0":"post-12040","1":"product","2":"type-product","3":"status-publish","4":"has-post-thumbnail","6":"product_cat-eupen-et-environs","7":"product_cat-patrimoine-et-histoire","8":"product_tag-francais","10":"first","11":"instock","12":"shipping-taxable","13":"purchasable","14":"product-type-simple"},"_links":{"self":[{"href":"https:\/\/legrenierdelatour.be\/livres\/wp-json\/wp\/v2\/product\/12040","targetHints":{"allow":["GET"]}}],"collection":[{"href":"https:\/\/legrenierdelatour.be\/livres\/wp-json\/wp\/v2\/product"}],"about":[{"href":"https:\/\/legrenierdelatour.be\/livres\/wp-json\/wp\/v2\/types\/product"}],"wp:featuredmedia":[{"embeddable":true,"href":"https:\/\/legrenierdelatour.be\/livres\/wp-json\/wp\/v2\/media\/12036"}],"wp:attachment":[{"href":"https:\/\/legrenierdelatour.be\/livres\/wp-json\/wp\/v2\/media?parent=12040"}],"wp:term":[{"taxonomy":"product_cat","embeddable":true,"href":"https:\/\/legrenierdelatour.be\/livres\/wp-json\/wp\/v2\/product_cat?post=12040"},{"taxonomy":"product_tag","embeddable":true,"href":"https:\/\/legrenierdelatour.be\/livres\/wp-json\/wp\/v2\/product_tag?post=12040"}],"curies":[{"name":"wp","href":"https:\/\/api.w.org\/{rel}","templated":true}]}}