{"id":11986,"date":"2023-05-29T22:19:19","date_gmt":"2023-05-29T20:19:19","guid":{"rendered":"https:\/\/legrenierdelatour.be\/livres\/?post_type=product&#038;p=11986"},"modified":"2025-12-14T22:06:21","modified_gmt":"2025-12-14T21:06:21","slug":"repertoire-general-des-orfevres-et-des-marques-dorfevrerie-en-belgique-1942-1997-walter-van-dievoet","status":"publish","type":"product","link":"https:\/\/legrenierdelatour.be\/livres\/produit\/repertoire-general-des-orfevres-et-des-marques-dorfevrerie-en-belgique-1942-1997-walter-van-dievoet\/","title":{"rendered":"r\u00e9pertoire g\u00e9n\u00e9ral des orf\u00e8vres et des marques d\u2019orf\u00e8vrerie en belgique 1942-1997"},"content":{"rendered":"","protected":false},"excerpt":{"rendered":"","protected":false},"featured_media":11982,"template":"","meta":{"neve_meta_sidebar":"","neve_meta_container":"","neve_meta_enable_content_width":"","neve_meta_content_width":0,"neve_meta_title_alignment":"","neve_meta_author_avatar":"","neve_post_elements_order":"","neve_meta_disable_header":"","neve_meta_disable_footer":"","neve_meta_disable_title":""},"product_cat":[22,36],"product_tag":[64],"class_list":{"0":"post-11986","1":"product","2":"type-product","3":"status-publish","4":"has-post-thumbnail","6":"product_cat-autres-regions","7":"product_cat-beaux-arts","8":"product_tag-francais","10":"first","11":"instock","12":"shipping-taxable","13":"purchasable","14":"product-type-simple"},"_links":{"self":[{"href":"https:\/\/legrenierdelatour.be\/livres\/wp-json\/wp\/v2\/product\/11986","targetHints":{"allow":["GET"]}}],"collection":[{"href":"https:\/\/legrenierdelatour.be\/livres\/wp-json\/wp\/v2\/product"}],"about":[{"href":"https:\/\/legrenierdelatour.be\/livres\/wp-json\/wp\/v2\/types\/product"}],"wp:featuredmedia":[{"embeddable":true,"href":"https:\/\/legrenierdelatour.be\/livres\/wp-json\/wp\/v2\/media\/11982"}],"wp:attachment":[{"href":"https:\/\/legrenierdelatour.be\/livres\/wp-json\/wp\/v2\/media?parent=11986"}],"wp:term":[{"taxonomy":"product_cat","embeddable":true,"href":"https:\/\/legrenierdelatour.be\/livres\/wp-json\/wp\/v2\/product_cat?post=11986"},{"taxonomy":"product_tag","embeddable":true,"href":"https:\/\/legrenierdelatour.be\/livres\/wp-json\/wp\/v2\/product_tag?post=11986"}],"curies":[{"name":"wp","href":"https:\/\/api.w.org\/{rel}","templated":true}]}}