{"id":11665,"date":"2023-05-06T22:13:35","date_gmt":"2023-05-06T20:13:35","guid":{"rendered":"https:\/\/legrenierdelatour.be\/livres\/?post_type=product&#038;p=11665"},"modified":"2025-12-14T22:06:10","modified_gmt":"2025-12-14T21:06:10","slug":"annales-de-la-societe-archeologique-et-folklorique-de-nivelles-et-du-brabant-wallon-tome-xix-deuxieme-partie","status":"publish","type":"product","link":"https:\/\/legrenierdelatour.be\/livres\/produit\/annales-de-la-societe-archeologique-et-folklorique-de-nivelles-et-du-brabant-wallon-tome-xix-deuxieme-partie\/","title":{"rendered":"annales de la soci\u00e9t\u00e9 arch\u00e9ologique et folklorique de nivelles et du brabant wallon tome XIX deuxi\u00e8me partie"},"content":{"rendered":"","protected":false},"excerpt":{"rendered":"","protected":false},"featured_media":11638,"template":"","meta":{"neve_meta_sidebar":"","neve_meta_container":"","neve_meta_enable_content_width":"","neve_meta_content_width":0,"neve_meta_title_alignment":"","neve_meta_author_avatar":"","neve_post_elements_order":"","neve_meta_disable_header":"","neve_meta_disable_footer":"","neve_meta_disable_title":""},"product_cat":[37,32],"product_tag":[64],"class_list":{"0":"post-11665","1":"product","2":"type-product","3":"status-publish","4":"has-post-thumbnail","6":"product_cat-bruxelles","7":"product_cat-patrimoine-et-histoire","8":"product_tag-francais","10":"first","11":"instock","12":"shipping-taxable","13":"purchasable","14":"product-type-simple"},"_links":{"self":[{"href":"https:\/\/legrenierdelatour.be\/livres\/wp-json\/wp\/v2\/product\/11665","targetHints":{"allow":["GET"]}}],"collection":[{"href":"https:\/\/legrenierdelatour.be\/livres\/wp-json\/wp\/v2\/product"}],"about":[{"href":"https:\/\/legrenierdelatour.be\/livres\/wp-json\/wp\/v2\/types\/product"}],"wp:featuredmedia":[{"embeddable":true,"href":"https:\/\/legrenierdelatour.be\/livres\/wp-json\/wp\/v2\/media\/11638"}],"wp:attachment":[{"href":"https:\/\/legrenierdelatour.be\/livres\/wp-json\/wp\/v2\/media?parent=11665"}],"wp:term":[{"taxonomy":"product_cat","embeddable":true,"href":"https:\/\/legrenierdelatour.be\/livres\/wp-json\/wp\/v2\/product_cat?post=11665"},{"taxonomy":"product_tag","embeddable":true,"href":"https:\/\/legrenierdelatour.be\/livres\/wp-json\/wp\/v2\/product_tag?post=11665"}],"curies":[{"name":"wp","href":"https:\/\/api.w.org\/{rel}","templated":true}]}}