{"id":11521,"date":"2023-04-26T21:11:37","date_gmt":"2023-04-26T19:11:37","guid":{"rendered":"https:\/\/legrenierdelatour.be\/livres\/?post_type=product&#038;p=11521"},"modified":"2025-12-14T22:06:06","modified_gmt":"2025-12-14T21:06:06","slug":"das-ostliche-mittelmeer-mit-griechenland-der-turkei-und-agypten-1940","status":"publish","type":"product","link":"https:\/\/legrenierdelatour.be\/livres\/produit\/das-ostliche-mittelmeer-mit-griechenland-der-turkei-und-agypten-1940\/","title":{"rendered":"das \u00f6stliche mittelmeer mit griechenland, der t\u00fcrkei und \u00e4gypten 1940"},"content":{"rendered":"","protected":false},"excerpt":{"rendered":"","protected":false},"featured_media":11514,"template":"","meta":{"neve_meta_sidebar":"","neve_meta_container":"","neve_meta_enable_content_width":"","neve_meta_content_width":0,"neve_meta_title_alignment":"","neve_meta_author_avatar":"","neve_post_elements_order":"","neve_meta_disable_header":"","neve_meta_disable_footer":"","neve_meta_disable_title":""},"product_cat":[51,25],"product_tag":[67],"class_list":{"0":"post-11521","1":"product","2":"type-product","3":"status-publish","4":"has-post-thumbnail","6":"product_cat-general","7":"product_cat-cartographie","8":"product_tag-allemend","10":"first","11":"instock","12":"shipping-taxable","13":"purchasable","14":"product-type-simple"},"_links":{"self":[{"href":"https:\/\/legrenierdelatour.be\/livres\/wp-json\/wp\/v2\/product\/11521","targetHints":{"allow":["GET"]}}],"collection":[{"href":"https:\/\/legrenierdelatour.be\/livres\/wp-json\/wp\/v2\/product"}],"about":[{"href":"https:\/\/legrenierdelatour.be\/livres\/wp-json\/wp\/v2\/types\/product"}],"wp:featuredmedia":[{"embeddable":true,"href":"https:\/\/legrenierdelatour.be\/livres\/wp-json\/wp\/v2\/media\/11514"}],"wp:attachment":[{"href":"https:\/\/legrenierdelatour.be\/livres\/wp-json\/wp\/v2\/media?parent=11521"}],"wp:term":[{"taxonomy":"product_cat","embeddable":true,"href":"https:\/\/legrenierdelatour.be\/livres\/wp-json\/wp\/v2\/product_cat?post=11521"},{"taxonomy":"product_tag","embeddable":true,"href":"https:\/\/legrenierdelatour.be\/livres\/wp-json\/wp\/v2\/product_tag?post=11521"}],"curies":[{"name":"wp","href":"https:\/\/api.w.org\/{rel}","templated":true}]}}