{"id":45,"date":"2022-01-29T15:54:27","date_gmt":"2022-01-29T14:54:27","guid":{"rendered":"https:\/\/legrenierdelatour.be\/livres\/?page_id=45"},"modified":"2023-08-12T10:55:02","modified_gmt":"2023-08-12T08:55:02","slug":"par-theme","status":"publish","type":"page","link":"https:\/\/legrenierdelatour.be\/livres\/par-theme\/","title":{"rendered":"Par Th\u00e8me"},"content":{"rendered":"<div class=\"woocommerce columns-4\"><ul class=\"products columns-4\">\n<li class=\"product-category product first\">\n\t<a aria-label=\"Acc\u00e9der \u00e0 la cat\u00e9gorie de produits Patrimoine et Histoire\" href=\"https:\/\/legrenierdelatour.be\/livres\/categorie-produit\/themes\/patrimoine-et-histoire\/\"><img loading=\"lazy\" decoding=\"async\" src=\"https:\/\/legrenierdelatour.be\/livres\/wp-content\/uploads\/2022\/04\/patrimoine-et-histoire-300x400.jpeg\" alt=\"Patrimoine et Histoire\" width=\"300\" height=\"400\" \/>\t\t<h2 class=\"woocommerce-loop-category__title\">\n\t\t\tPatrimoine et Histoire <mark class=\"count\">(2328)<\/mark>\t\t<\/h2>\n\t\t<\/a><\/li>\n<li class=\"product-category product\">\n\t<a aria-label=\"Acc\u00e9der \u00e0 la cat\u00e9gorie de produits WW1 et 2\" href=\"https:\/\/legrenierdelatour.be\/livres\/categorie-produit\/themes\/ww2\/\"><img loading=\"lazy\" decoding=\"async\" src=\"https:\/\/legrenierdelatour.be\/livres\/wp-content\/uploads\/2022\/04\/ww2-300x400.jpeg\" alt=\"WW1 et 2\" width=\"300\" height=\"400\" \/>\t\t<h2 class=\"woocommerce-loop-category__title\">\n\t\t\tWW1 et 2 <mark class=\"count\">(330)<\/mark>\t\t<\/h2>\n\t\t<\/a><\/li>\n<li class=\"product-category product\">\n\t<a aria-label=\"Acc\u00e9der \u00e0 la cat\u00e9gorie de produits Arch\u00e9ologie\" href=\"https:\/\/legrenierdelatour.be\/livres\/categorie-produit\/themes\/archeologie\/\"><img loading=\"lazy\" decoding=\"async\" src=\"https:\/\/legrenierdelatour.be\/livres\/wp-content\/uploads\/2023\/01\/archeologie-300x400.jpeg\" alt=\"Arch\u00e9ologie\" width=\"300\" height=\"400\" \/>\t\t<h2 class=\"woocommerce-loop-category__title\">\n\t\t\tArch\u00e9ologie <mark class=\"count\">(434)<\/mark>\t\t<\/h2>\n\t\t<\/a><\/li>\n<li class=\"product-category product last\">\n\t<a aria-label=\"Acc\u00e9der \u00e0 la cat\u00e9gorie de produits Cartographie\" href=\"https:\/\/legrenierdelatour.be\/livres\/categorie-produit\/themes\/cartographie\/\"><img loading=\"lazy\" decoding=\"async\" src=\"https:\/\/legrenierdelatour.be\/livres\/wp-content\/uploads\/2022\/04\/cartographie-300x400.jpeg\" alt=\"Cartographie\" width=\"300\" height=\"400\" \/>\t\t<h2 class=\"woocommerce-loop-category__title\">\n\t\t\tCartographie <mark class=\"count\">(62)<\/mark>\t\t<\/h2>\n\t\t<\/a><\/li>\n<li class=\"product-category product first\">\n\t<a aria-label=\"Acc\u00e9der \u00e0 la cat\u00e9gorie de produits Guides\" href=\"https:\/\/legrenierdelatour.be\/livres\/categorie-produit\/themes\/guides\/\"><img loading=\"lazy\" decoding=\"async\" src=\"https:\/\/legrenierdelatour.be\/livres\/wp-content\/uploads\/2022\/04\/guides-300x400.jpeg\" alt=\"Guides\" width=\"300\" height=\"400\" \/>\t\t<h2 class=\"woocommerce-loop-category__title\">\n\t\t\tGuides <mark class=\"count\">(254)<\/mark>\t\t<\/h2>\n\t\t<\/a><\/li>\n<li class=\"product-category product\">\n\t<a aria-label=\"Acc\u00e9der \u00e0 la cat\u00e9gorie de produits Beaux-arts\" href=\"https:\/\/legrenierdelatour.be\/livres\/categorie-produit\/themes\/beaux-arts\/\"><img loading=\"lazy\" decoding=\"async\" src=\"https:\/\/legrenierdelatour.be\/livres\/wp-content\/uploads\/2023\/03\/beauxarts-300x400.jpg\" alt=\"Beaux-arts\" width=\"300\" height=\"400\" \/>\t\t<h2 class=\"woocommerce-loop-category__title\">\n\t\t\tBeaux-arts <mark class=\"count\">(295)<\/mark>\t\t<\/h2>\n\t\t<\/a><\/li>\n<li class=\"product-category product\">\n\t<a aria-label=\"Acc\u00e9der \u00e0 la cat\u00e9gorie de produits Litt\u00e9rature\" href=\"https:\/\/legrenierdelatour.be\/livres\/categorie-produit\/themes\/fiction\/\"><img loading=\"lazy\" decoding=\"async\" src=\"https:\/\/legrenierdelatour.be\/livres\/wp-content\/uploads\/2023\/03\/litterature-300x400.jpg\" alt=\"Litt\u00e9rature\" width=\"300\" height=\"400\" \/>\t\t<h2 class=\"woocommerce-loop-category__title\">\n\t\t\tLitt\u00e9rature <mark class=\"count\">(740)<\/mark>\t\t<\/h2>\n\t\t<\/a><\/li>\n<li class=\"product-category product last\">\n\t<a aria-label=\"Acc\u00e9der \u00e0 la cat\u00e9gorie de produits B.D. et Livres enfant\" href=\"https:\/\/legrenierdelatour.be\/livres\/categorie-produit\/livres-denfants\/\"><img loading=\"lazy\" decoding=\"async\" src=\"https:\/\/legrenierdelatour.be\/livres\/wp-content\/uploads\/2023\/01\/enfants-2-2-300x400.jpeg\" alt=\"B.D. et Livres enfant\" width=\"300\" height=\"400\" \/>\t\t<h2 class=\"woocommerce-loop-category__title\">\n\t\t\tB.D. et Livres enfant <mark class=\"count\">(27)<\/mark>\t\t<\/h2>\n\t\t<\/a><\/li>\n<li class=\"product-category product first\">\n\t<a aria-label=\"Acc\u00e9der \u00e0 la cat\u00e9gorie de produits Nature et \u00e9cologie\" href=\"https:\/\/legrenierdelatour.be\/livres\/categorie-produit\/themes\/nature-et-ecologie\/\"><img loading=\"lazy\" decoding=\"async\" src=\"https:\/\/legrenierdelatour.be\/livres\/wp-content\/uploads\/2022\/04\/nature-300x400.jpeg\" alt=\"Nature et \u00e9cologie\" width=\"300\" height=\"400\" \/>\t\t<h2 class=\"woocommerce-loop-category__title\">\n\t\t\tNature et \u00e9cologie <mark class=\"count\">(55)<\/mark>\t\t<\/h2>\n\t\t<\/a><\/li>\n<li class=\"product-category product\">\n\t<a aria-label=\"Acc\u00e9der \u00e0 la cat\u00e9gorie de produits Medical\" href=\"https:\/\/legrenierdelatour.be\/livres\/categorie-produit\/themes\/medical\/\"><img loading=\"lazy\" decoding=\"async\" src=\"https:\/\/legrenierdelatour.be\/livres\/wp-content\/uploads\/2022\/04\/medical-300x400.jpeg\" alt=\"Medical\" width=\"300\" height=\"400\" \/>\t\t<h2 class=\"woocommerce-loop-category__title\">\n\t\t\tMedical <mark class=\"count\">(10)<\/mark>\t\t<\/h2>\n\t\t<\/a><\/li>\n<li class=\"product-category product\">\n\t<a aria-label=\"Acc\u00e9der \u00e0 la cat\u00e9gorie de produits Divers\" href=\"https:\/\/legrenierdelatour.be\/livres\/categorie-produit\/themes\/divers\/\"><img loading=\"lazy\" decoding=\"async\" src=\"https:\/\/legrenierdelatour.be\/livres\/wp-content\/uploads\/2022\/04\/divers-300x400.jpeg\" alt=\"Divers\" width=\"300\" height=\"400\" \/>\t\t<h2 class=\"woocommerce-loop-category__title\">\n\t\t\tDivers <mark class=\"count\">(155)<\/mark>\t\t<\/h2>\n\t\t<\/a><\/li>\n<li class=\"product-category product last\">\n\t<a aria-label=\"Acc\u00e9der \u00e0 la cat\u00e9gorie de produits Livres anciens (avant +\/- 1910)\" href=\"https:\/\/legrenierdelatour.be\/livres\/categorie-produit\/livres-anciens-avant-1900\/\"><img loading=\"lazy\" decoding=\"async\" src=\"https:\/\/legrenierdelatour.be\/livres\/wp-content\/uploads\/2023\/07\/livresanciens-300x400.jpg\" alt=\"Livres anciens (avant +\/- 1910)\" width=\"300\" height=\"400\" \/>\t\t<h2 class=\"woocommerce-loop-category__title\">\n\t\t\tLivres anciens (avant +\/- 1910) <mark class=\"count\">(103)<\/mark>\t\t<\/h2>\n\t\t<\/a><\/li>\n<li class=\"product-category product first\">\n\t<a aria-label=\"Acc\u00e9der \u00e0 la cat\u00e9gorie de produits Sport\" href=\"https:\/\/legrenierdelatour.be\/livres\/categorie-produit\/themes\/sport\/\"><img loading=\"lazy\" decoding=\"async\" src=\"https:\/\/legrenierdelatour.be\/livres\/wp-content\/uploads\/2023\/07\/sport-300x400.jpg\" alt=\"Sport\" width=\"300\" height=\"400\" \/>\t\t<h2 class=\"woocommerce-loop-category__title\">\n\t\t\tSport <mark class=\"count\">(35)<\/mark>\t\t<\/h2>\n\t\t<\/a><\/li>\n<\/ul>\n<\/div>","protected":false},"excerpt":{"rendered":"","protected":false},"author":1,"featured_media":0,"parent":0,"menu_order":0,"comment_status":"closed","ping_status":"closed","template":"","meta":{"neve_meta_sidebar":"","neve_meta_container":"","neve_meta_enable_content_width":"","neve_meta_content_width":0,"neve_meta_title_alignment":"","neve_meta_author_avatar":"","neve_post_elements_order":"","neve_meta_disable_header":"","neve_meta_disable_footer":"","neve_meta_disable_title":"","footnotes":""},"class_list":["post-45","page","type-page","status-publish","hentry"],"_links":{"self":[{"href":"https:\/\/legrenierdelatour.be\/livres\/wp-json\/wp\/v2\/pages\/45","targetHints":{"allow":["GET"]}}],"collection":[{"href":"https:\/\/legrenierdelatour.be\/livres\/wp-json\/wp\/v2\/pages"}],"about":[{"href":"https:\/\/legrenierdelatour.be\/livres\/wp-json\/wp\/v2\/types\/page"}],"author":[{"embeddable":true,"href":"https:\/\/legrenierdelatour.be\/livres\/wp-json\/wp\/v2\/users\/1"}],"replies":[{"embeddable":true,"href":"https:\/\/legrenierdelatour.be\/livres\/wp-json\/wp\/v2\/comments?post=45"}],"version-history":[{"count":19,"href":"https:\/\/legrenierdelatour.be\/livres\/wp-json\/wp\/v2\/pages\/45\/revisions"}],"predecessor-version":[{"id":13182,"href":"https:\/\/legrenierdelatour.be\/livres\/wp-json\/wp\/v2\/pages\/45\/revisions\/13182"}],"wp:attachment":[{"href":"https:\/\/legrenierdelatour.be\/livres\/wp-json\/wp\/v2\/media?parent=45"}],"curies":[{"name":"wp","href":"https:\/\/api.w.org\/{rel}","templated":true}]}}