{"id":42,"date":"2022-01-29T15:53:41","date_gmt":"2022-01-29T14:53:41","guid":{"rendered":"https:\/\/legrenierdelatour.be\/livres\/?page_id=42"},"modified":"2023-08-12T10:54:45","modified_gmt":"2023-08-12T08:54:45","slug":"par-regions","status":"publish","type":"page","link":"https:\/\/legrenierdelatour.be\/livres\/par-regions\/","title":{"rendered":"Par R\u00e9gions"},"content":{"rendered":"<div class=\"woocommerce columns-4\"><ul class=\"products columns-4\">\n<li class=\"product-category product first\">\n\t<a aria-label=\"Acc\u00e9der \u00e0 la cat\u00e9gorie de produits Le pays d&#039;Arlon\" href=\"https:\/\/legrenierdelatour.be\/livres\/categorie-produit\/regions\/le-pays-darlon\/\"><img loading=\"lazy\" decoding=\"async\" src=\"https:\/\/legrenierdelatour.be\/livres\/wp-content\/uploads\/2022\/04\/arlon-300x400.jpeg\" alt=\"Le pays d&#039;Arlon\" width=\"300\" height=\"400\" \/>\t\t<h2 class=\"woocommerce-loop-category__title\">\n\t\t\tLe pays d&#039;Arlon <mark class=\"count\">(178)<\/mark>\t\t<\/h2>\n\t\t<\/a><\/li>\n<li class=\"product-category product\">\n\t<a aria-label=\"Acc\u00e9der \u00e0 la cat\u00e9gorie de produits La province de Luxembourg\" href=\"https:\/\/legrenierdelatour.be\/livres\/categorie-produit\/regions\/la-province-de-luxembourg\/\"><img loading=\"lazy\" decoding=\"async\" src=\"https:\/\/legrenierdelatour.be\/livres\/wp-content\/uploads\/2022\/04\/prov-lux2-300x400.jpeg\" alt=\"La province de Luxembourg\" width=\"300\" height=\"400\" \/>\t\t<h2 class=\"woocommerce-loop-category__title\">\n\t\t\tLa province de Luxembourg <mark class=\"count\">(822)<\/mark>\t\t<\/h2>\n\t\t<\/a><\/li>\n<li class=\"product-category product\">\n\t<a aria-label=\"Acc\u00e9der \u00e0 la cat\u00e9gorie de produits Luxemburgensia\" href=\"https:\/\/legrenierdelatour.be\/livres\/categorie-produit\/regions\/luxemburgensia\/\"><img loading=\"lazy\" decoding=\"async\" src=\"https:\/\/legrenierdelatour.be\/livres\/wp-content\/uploads\/2022\/04\/gdl2-300x400.jpeg\" alt=\"Luxemburgensia\" width=\"300\" height=\"400\" \/>\t\t<h2 class=\"woocommerce-loop-category__title\">\n\t\t\tLuxemburgensia <mark class=\"count\">(2960)<\/mark>\t\t<\/h2>\n\t\t<\/a><\/li>\n<li class=\"product-category product last\">\n\t<a aria-label=\"Acc\u00e9der \u00e0 la cat\u00e9gorie de produits Bruxelles et Brabant wallon\" href=\"https:\/\/legrenierdelatour.be\/livres\/categorie-produit\/regions\/bruxelles\/\"><img loading=\"lazy\" decoding=\"async\" src=\"https:\/\/legrenierdelatour.be\/livres\/wp-content\/uploads\/2022\/04\/bruxelles-300x400.jpeg\" alt=\"Bruxelles et Brabant wallon\" width=\"300\" height=\"400\" \/>\t\t<h2 class=\"woocommerce-loop-category__title\">\n\t\t\tBruxelles et Brabant wallon <mark class=\"count\">(112)<\/mark>\t\t<\/h2>\n\t\t<\/a><\/li>\n<li class=\"product-category product first\">\n\t<a aria-label=\"Acc\u00e9der \u00e0 la cat\u00e9gorie de produits Li\u00e8ge\" href=\"https:\/\/legrenierdelatour.be\/livres\/categorie-produit\/regions\/liege\/\"><img loading=\"lazy\" decoding=\"async\" src=\"https:\/\/legrenierdelatour.be\/livres\/wp-content\/uploads\/2022\/04\/liege-300x400.jpeg\" alt=\"Li\u00e8ge\" width=\"300\" height=\"400\" \/>\t\t<h2 class=\"woocommerce-loop-category__title\">\n\t\t\tLi\u00e8ge <mark class=\"count\">(149)<\/mark>\t\t<\/h2>\n\t\t<\/a><\/li>\n<li class=\"product-category product\">\n\t<a aria-label=\"Acc\u00e9der \u00e0 la cat\u00e9gorie de produits Eupen et environs\" href=\"https:\/\/legrenierdelatour.be\/livres\/categorie-produit\/regions\/eupen-et-environs\/\"><img loading=\"lazy\" decoding=\"async\" src=\"https:\/\/legrenierdelatour.be\/livres\/wp-content\/uploads\/2023\/07\/eupen-300x400.jpg\" alt=\"Eupen et environs\" width=\"300\" height=\"400\" \/>\t\t<h2 class=\"woocommerce-loop-category__title\">\n\t\t\tEupen et environs <mark class=\"count\">(32)<\/mark>\t\t<\/h2>\n\t\t<\/a><\/li>\n<li class=\"product-category product\">\n\t<a aria-label=\"Acc\u00e9der \u00e0 la cat\u00e9gorie de produits Belgique (autres r\u00e9gions)\" href=\"https:\/\/legrenierdelatour.be\/livres\/categorie-produit\/regions\/autres-regions\/\"><img loading=\"lazy\" decoding=\"async\" src=\"https:\/\/legrenierdelatour.be\/livres\/wp-content\/uploads\/2022\/04\/belgique-300x400.jpeg\" alt=\"Belgique (autres r\u00e9gions)\" width=\"300\" height=\"400\" \/>\t\t<h2 class=\"woocommerce-loop-category__title\">\n\t\t\tBelgique (autres r\u00e9gions) <mark class=\"count\">(559)<\/mark>\t\t<\/h2>\n\t\t<\/a><\/li>\n<li class=\"product-category product last\">\n\t<a aria-label=\"Acc\u00e9der \u00e0 la cat\u00e9gorie de produits Congo\" href=\"https:\/\/legrenierdelatour.be\/livres\/categorie-produit\/regions\/congo\/\"><img loading=\"lazy\" decoding=\"async\" src=\"https:\/\/legrenierdelatour.be\/livres\/wp-content\/uploads\/2023\/07\/congo-300x400.jpg\" alt=\"Congo\" width=\"300\" height=\"400\" \/>\t\t<h2 class=\"woocommerce-loop-category__title\">\n\t\t\tCongo <mark class=\"count\">(17)<\/mark>\t\t<\/h2>\n\t\t<\/a><\/li>\n<li class=\"product-category product first\">\n\t<a aria-label=\"Acc\u00e9der \u00e0 la cat\u00e9gorie de produits Pays-Bas\" href=\"https:\/\/legrenierdelatour.be\/livres\/categorie-produit\/regions\/pays-bas\/\"><img loading=\"lazy\" decoding=\"async\" src=\"https:\/\/legrenierdelatour.be\/livres\/wp-content\/uploads\/2023\/07\/pays-bas-300x400.jpg\" alt=\"Pays-Bas\" width=\"300\" height=\"400\" \/>\t\t<h2 class=\"woocommerce-loop-category__title\">\n\t\t\tPays-Bas <mark class=\"count\">(7)<\/mark>\t\t<\/h2>\n\t\t<\/a><\/li>\n<li class=\"product-category product\">\n\t<a aria-label=\"Acc\u00e9der \u00e0 la cat\u00e9gorie de produits France\" href=\"https:\/\/legrenierdelatour.be\/livres\/categorie-produit\/regions\/france\/\"><img loading=\"lazy\" decoding=\"async\" src=\"https:\/\/legrenierdelatour.be\/livres\/wp-content\/uploads\/2022\/04\/france-300x400.jpeg\" alt=\"France\" width=\"300\" height=\"400\" \/>\t\t<h2 class=\"woocommerce-loop-category__title\">\n\t\t\tFrance <mark class=\"count\">(274)<\/mark>\t\t<\/h2>\n\t\t<\/a><\/li>\n<li class=\"product-category product\">\n\t<a aria-label=\"Acc\u00e9der \u00e0 la cat\u00e9gorie de produits Allemagne\" href=\"https:\/\/legrenierdelatour.be\/livres\/categorie-produit\/regions\/allemagne\/\"><img loading=\"lazy\" decoding=\"async\" src=\"https:\/\/legrenierdelatour.be\/livres\/wp-content\/uploads\/2022\/04\/allemagne-300x400.jpeg\" alt=\"Allemagne\" width=\"300\" height=\"400\" \/>\t\t<h2 class=\"woocommerce-loop-category__title\">\n\t\t\tAllemagne <mark class=\"count\">(120)<\/mark>\t\t<\/h2>\n\t\t<\/a><\/li>\n<li class=\"product-category product last\">\n\t<a aria-label=\"Acc\u00e9der \u00e0 la cat\u00e9gorie de produits Suisse\" href=\"https:\/\/legrenierdelatour.be\/livres\/categorie-produit\/regions\/suisse\/\"><img loading=\"lazy\" decoding=\"async\" src=\"https:\/\/legrenierdelatour.be\/livres\/wp-content\/uploads\/2022\/04\/suisse-300x400.jpeg\" alt=\"Suisse\" width=\"300\" height=\"400\" \/>\t\t<h2 class=\"woocommerce-loop-category__title\">\n\t\t\tSuisse <mark class=\"count\">(2)<\/mark>\t\t<\/h2>\n\t\t<\/a><\/li>\n<li class=\"product-category product first\">\n\t<a aria-label=\"Acc\u00e9der \u00e0 la cat\u00e9gorie de produits Italie\" href=\"https:\/\/legrenierdelatour.be\/livres\/categorie-produit\/regions\/italie\/\"><img loading=\"lazy\" decoding=\"async\" src=\"https:\/\/legrenierdelatour.be\/livres\/wp-content\/uploads\/2022\/04\/italie-300x400.jpeg\" alt=\"Italie\" width=\"300\" height=\"400\" \/>\t\t<h2 class=\"woocommerce-loop-category__title\">\n\t\t\tItalie <mark class=\"count\">(10)<\/mark>\t\t<\/h2>\n\t\t<\/a><\/li>\n<\/ul>\n<\/div>","protected":false},"excerpt":{"rendered":"","protected":false},"author":1,"featured_media":0,"parent":0,"menu_order":0,"comment_status":"closed","ping_status":"closed","template":"","meta":{"neve_meta_sidebar":"","neve_meta_container":"","neve_meta_enable_content_width":"","neve_meta_content_width":0,"neve_meta_title_alignment":"","neve_meta_author_avatar":"","neve_post_elements_order":"","neve_meta_disable_header":"","neve_meta_disable_footer":"","neve_meta_disable_title":"","footnotes":""},"class_list":["post-42","page","type-page","status-publish","hentry"],"_links":{"self":[{"href":"https:\/\/legrenierdelatour.be\/livres\/wp-json\/wp\/v2\/pages\/42","targetHints":{"allow":["GET"]}}],"collection":[{"href":"https:\/\/legrenierdelatour.be\/livres\/wp-json\/wp\/v2\/pages"}],"about":[{"href":"https:\/\/legrenierdelatour.be\/livres\/wp-json\/wp\/v2\/types\/page"}],"author":[{"embeddable":true,"href":"https:\/\/legrenierdelatour.be\/livres\/wp-json\/wp\/v2\/users\/1"}],"replies":[{"embeddable":true,"href":"https:\/\/legrenierdelatour.be\/livres\/wp-json\/wp\/v2\/comments?post=42"}],"version-history":[{"count":13,"href":"https:\/\/legrenierdelatour.be\/livres\/wp-json\/wp\/v2\/pages\/42\/revisions"}],"predecessor-version":[{"id":12812,"href":"https:\/\/legrenierdelatour.be\/livres\/wp-json\/wp\/v2\/pages\/42\/revisions\/12812"}],"wp:attachment":[{"href":"https:\/\/legrenierdelatour.be\/livres\/wp-json\/wp\/v2\/media?parent=42"}],"curies":[{"name":"wp","href":"https:\/\/api.w.org\/{rel}","templated":true}]}}